{"id":321,"date":"2023-05-23T14:04:22","date_gmt":"2023-05-23T14:04:22","guid":{"rendered":"https:\/\/www.leena-maria.net\/?page_id=321"},"modified":"2023-08-07T20:43:38","modified_gmt":"2023-08-07T20:43:38","slug":"kauppa","status":"publish","type":"page","link":"https:\/\/www.leena-maria.net\/en\/kauppa\/","title":{"rendered":"Store"},"content":{"rendered":"<div data-elementor-type=\"wp-page\" data-elementor-id=\"321\" class=\"elementor elementor-321\">\n\t\t\t\t\t\t\t\t\t<section class=\"elementor-section elementor-top-section elementor-element elementor-element-224b02a elementor-section-boxed elementor-section-height-default elementor-section-height-default\" data-id=\"224b02a\" data-element_type=\"section\">\n\t\t\t\t\t\t<div class=\"elementor-container elementor-column-gap-default\">\n\t\t\t\t\t<div class=\"elementor-column elementor-col-50 elementor-top-column elementor-element elementor-element-3076090\" data-id=\"3076090\" data-element_type=\"column\">\n\t\t\t<div class=\"elementor-widget-wrap elementor-element-populated\">\n\t\t\t\t\t\t\t\t<div class=\"elementor-element elementor-element-252d198 elementor-widget elementor-widget-heading\" data-id=\"252d198\" data-element_type=\"widget\" data-widget_type=\"heading.default\">\n\t\t\t\t<div class=\"elementor-widget-container\">\n\t\t\t<style>\/*! elementor - v3.13.3 - 28-05-2023 *\/\n.elementor-heading-title{padding:0;margin:0;line-height:1}.elementor-widget-heading .elementor-heading-title[class*=elementor-size-]>a{color:inherit;font-size:inherit;line-height:inherit}.elementor-widget-heading .elementor-heading-title.elementor-size-small{font-size:15px}.elementor-widget-heading .elementor-heading-title.elementor-size-medium{font-size:19px}.elementor-widget-heading .elementor-heading-title.elementor-size-large{font-size:29px}.elementor-widget-heading .elementor-heading-title.elementor-size-xl{font-size:39px}.elementor-widget-heading .elementor-heading-title.elementor-size-xxl{font-size:59px}<\/style><h3 class=\"elementor-heading-title elementor-size-default\">Services and prices<\/h3>\t\t<\/div>\n\t\t\t\t<\/div>\n\t\t\t\t<div class=\"elementor-element elementor-element-578f027 elementor-widget elementor-widget-text-editor\" data-id=\"578f027\" data-element_type=\"widget\" data-widget_type=\"text-editor.default\">\n\t\t\t\t<div class=\"elementor-widget-container\">\n\t\t\t<style>\/*! elementor - v3.13.3 - 28-05-2023 *\/\n.elementor-widget-text-editor.elementor-drop-cap-view-stacked .elementor-drop-cap{background-color:#69727d;color:#fff}.elementor-widget-text-editor.elementor-drop-cap-view-framed .elementor-drop-cap{color:#69727d;border:3px solid;background-color:transparent}.elementor-widget-text-editor:not(.elementor-drop-cap-view-default) .elementor-drop-cap{margin-top:8px}.elementor-widget-text-editor:not(.elementor-drop-cap-view-default) .elementor-drop-cap-letter{width:1em;height:1em}.elementor-widget-text-editor .elementor-drop-cap{float:left;text-align:center;line-height:1;font-size:50px}.elementor-widget-text-editor .elementor-drop-cap-letter{display:inline-block}<\/style>\t\t\t\tGet in touch with the address <a href=\"mailto:leena-maria@leena-maria.net\">leena-maria@leena-maria.net<\/a>, if you are interested in ordering the service. With all new customers, we start with a survey. You yourself know when it's your time to come.\t\t\t\t\t\t<\/div>\n\t\t\t\t<\/div>\n\t\t\t\t<div class=\"elementor-element elementor-element-de997bb elementor-widget-divider--view-line elementor-widget elementor-widget-divider\" data-id=\"de997bb\" data-element_type=\"widget\" data-widget_type=\"divider.default\">\n\t\t\t\t<div class=\"elementor-widget-container\">\n\t\t\t<style>\/*! elementor - v3.13.3 - 28-05-2023 *\/\n.elementor-widget-divider{--divider-border-style:none;--divider-border-width:1px;--divider-color:#0c0d0e;--divider-icon-size:20px;--divider-element-spacing:10px;--divider-pattern-height:24px;--divider-pattern-size:20px;--divider-pattern-url:none;--divider-pattern-repeat:repeat-x}.elementor-widget-divider .elementor-divider{display:flex}.elementor-widget-divider .elementor-divider__text{font-size:15px;line-height:1;max-width:95%}.elementor-widget-divider .elementor-divider__element{margin:0 var(--divider-element-spacing);flex-shrink:0}.elementor-widget-divider .elementor-icon{font-size:var(--divider-icon-size)}.elementor-widget-divider .elementor-divider-separator{display:flex;margin:0;direction:ltr}.elementor-widget-divider--view-line_icon .elementor-divider-separator,.elementor-widget-divider--view-line_text .elementor-divider-separator{align-items:center}.elementor-widget-divider--view-line_icon .elementor-divider-separator:after,.elementor-widget-divider--view-line_icon .elementor-divider-separator:before,.elementor-widget-divider--view-line_text .elementor-divider-separator:after,.elementor-widget-divider--view-line_text .elementor-divider-separator:before{display:block;content:\"\";border-bottom:0;flex-grow:1;border-top:var(--divider-border-width) var(--divider-border-style) var(--divider-color)}.elementor-widget-divider--element-align-left .elementor-divider .elementor-divider-separator>.elementor-divider__svg:first-of-type{flex-grow:0;flex-shrink:100}.elementor-widget-divider--element-align-left .elementor-divider-separator:before{content:none}.elementor-widget-divider--element-align-left .elementor-divider__element{margin-left:0}.elementor-widget-divider--element-align-right .elementor-divider .elementor-divider-separator>.elementor-divider__svg:last-of-type{flex-grow:0;flex-shrink:100}.elementor-widget-divider--element-align-right .elementor-divider-separator:after{content:none}.elementor-widget-divider--element-align-right .elementor-divider__element{margin-right:0}.elementor-widget-divider:not(.elementor-widget-divider--view-line_text):not(.elementor-widget-divider--view-line_icon) .elementor-divider-separator{border-top:var(--divider-border-width) var(--divider-border-style) var(--divider-color)}.elementor-widget-divider--separator-type-pattern{--divider-border-style:none}.elementor-widget-divider--separator-type-pattern.elementor-widget-divider--view-line .elementor-divider-separator,.elementor-widget-divider--separator-type-pattern:not(.elementor-widget-divider--view-line) .elementor-divider-separator:after,.elementor-widget-divider--separator-type-pattern:not(.elementor-widget-divider--view-line) .elementor-divider-separator:before,.elementor-widget-divider--separator-type-pattern:not([class*=elementor-widget-divider--view]) .elementor-divider-separator{width:100%;min-height:var(--divider-pattern-height);-webkit-mask-size:var(--divider-pattern-size) 100%;mask-size:var(--divider-pattern-size) 100%;-webkit-mask-repeat:var(--divider-pattern-repeat);mask-repeat:var(--divider-pattern-repeat);background-color:var(--divider-color);-webkit-mask-image:var(--divider-pattern-url);mask-image:var(--divider-pattern-url)}.elementor-widget-divider--no-spacing{--divider-pattern-size:auto}.elementor-widget-divider--bg-round{--divider-pattern-repeat:round}.rtl .elementor-widget-divider .elementor-divider__text{direction:rtl}.e-con-inner>.elementor-widget-divider,.e-con>.elementor-widget-divider{width:var(--container-widget-width,100%);--flex-grow:var(--container-widget-flex-grow)}<\/style>\t\t<div class=\"elementor-divider\">\n\t\t\t<span class=\"elementor-divider-separator\">\n\t\t\t\t\t\t<\/span>\n\t\t<\/div>\n\t\t\t\t<\/div>\n\t\t\t\t<\/div>\n\t\t\t\t<div class=\"elementor-element elementor-element-2f97370 elementor-widget elementor-widget-text-editor\" data-id=\"2f97370\" data-element_type=\"widget\" data-widget_type=\"text-editor.default\">\n\t\t\t\t<div class=\"elementor-widget-container\">\n\t\t\t\t\t\t\tCouples therapy \u20ac80\t\t\t\t\t\t<\/div>\n\t\t\t\t<\/div>\n\t\t\t\t<div class=\"elementor-element elementor-element-e9a9dd7 elementor-widget-divider--view-line elementor-widget elementor-widget-divider\" data-id=\"e9a9dd7\" data-element_type=\"widget\" data-widget_type=\"divider.default\">\n\t\t\t\t<div class=\"elementor-widget-container\">\n\t\t\t\t\t<div class=\"elementor-divider\">\n\t\t\t<span class=\"elementor-divider-separator\">\n\t\t\t\t\t\t<\/span>\n\t\t<\/div>\n\t\t\t\t<\/div>\n\t\t\t\t<\/div>\n\t\t\t\t<div class=\"elementor-element elementor-element-3ddaf6b elementor-widget elementor-widget-text-editor\" data-id=\"3ddaf6b\" data-element_type=\"widget\" data-widget_type=\"text-editor.default\">\n\t\t\t\t<div class=\"elementor-widget-container\">\n\t\t\t\t\t\t\tN\u00e4kij\u00e4n energiahoito 90 min \/ 95 \u20ac\t\t\t\t\t\t<\/div>\n\t\t\t\t<\/div>\n\t\t\t\t<div class=\"elementor-element elementor-element-d932612 elementor-widget elementor-widget-text-editor\" data-id=\"d932612\" data-element_type=\"widget\" data-widget_type=\"text-editor.default\">\n\t\t\t\t<div class=\"elementor-widget-container\">\n\t\t\t\t\t\t\tHealers energy treatment starts with a conversation, we discuss your wishes and the topics on the surface. It's good to remember that I don't predict the future. As a healer, I act as a mirror for you so that you can see your true self. We may use cards or other mental tools if necessary. You will receive home instructions, which includes individual exercises depending on your situation. After the discussion, we will finally do an energy treatment (duration approx. 30 minutes depending on your situation, sometimes the energy treatment part is longer.) We are in contact on Zoom throughout the treatment.\t\t\t\t\t\t<\/div>\n\t\t\t\t<\/div>\n\t\t\t\t<div class=\"elementor-element elementor-element-8e4f12f elementor-widget-divider--view-line elementor-widget elementor-widget-divider\" data-id=\"8e4f12f\" data-element_type=\"widget\" data-widget_type=\"divider.default\">\n\t\t\t\t<div class=\"elementor-widget-container\">\n\t\t\t\t\t<div class=\"elementor-divider\">\n\t\t\t<span class=\"elementor-divider-separator\">\n\t\t\t\t\t\t<\/span>\n\t\t<\/div>\n\t\t\t\t<\/div>\n\t\t\t\t<\/div>\n\t\t\t\t<div class=\"elementor-element elementor-element-0f5e2b8 elementor-widget elementor-widget-text-editor\" data-id=\"0f5e2b8\" data-element_type=\"widget\" data-widget_type=\"text-editor.default\">\n\t\t\t\t<div class=\"elementor-widget-container\">\n\t\t\t\t\t\t\tSpiritual therapy 60 min \/ \u20ac75\t\t\t\t\t\t<\/div>\n\t\t\t\t<\/div>\n\t\t\t\t<div class=\"elementor-element elementor-element-07e7efd elementor-widget elementor-widget-text-editor\" data-id=\"07e7efd\" data-element_type=\"widget\" data-widget_type=\"text-editor.default\">\n\t\t\t\t<div class=\"elementor-widget-container\">\n\t\t\t\t\t\t\tWhen you need intuitive chat help. If you experience anxiety or depression, use the acute crisis medicine. Let's open up the things of the depths of the mind when you need clarity about the things that occupy your mind. With this treatment, you are in a safe state and the right things come up for consideration. I am in connection energy throughout the conversation. Depending on the situation, exercises at home or to be done together.\t\t\t\t\t\t<\/div>\n\t\t\t\t<\/div>\n\t\t\t\t<div class=\"elementor-element elementor-element-37a3ac0 elementor-widget-divider--view-line elementor-widget elementor-widget-divider\" data-id=\"37a3ac0\" data-element_type=\"widget\" data-widget_type=\"divider.default\">\n\t\t\t\t<div class=\"elementor-widget-container\">\n\t\t\t\t\t<div class=\"elementor-divider\">\n\t\t\t<span class=\"elementor-divider-separator\">\n\t\t\t\t\t\t<\/span>\n\t\t<\/div>\n\t\t\t\t<\/div>\n\t\t\t\t<\/div>\n\t\t\t\t<div class=\"elementor-element elementor-element-9426172 elementor-widget elementor-widget-text-editor\" data-id=\"9426172\" data-element_type=\"widget\" data-widget_type=\"text-editor.default\">\n\t\t\t\t<div class=\"elementor-widget-container\">\n\t\t\t\t\t\t\tEnergiahoito n. 30-40 min \/ 55 \u20ac\t\t\t\t\t\t<\/div>\n\t\t\t\t<\/div>\n\t\t\t\t<div class=\"elementor-element elementor-element-552af19 elementor-widget elementor-widget-text-editor\" data-id=\"552af19\" data-element_type=\"widget\" data-widget_type=\"text-editor.default\">\n\t\t\t\t<div class=\"elementor-widget-container\">\n\t\t\t\t\t\t\tWhen you need a quick \"boost\" or need a break, relaxation. Happens if you want, either by zooming or by selecting messages. At the end of the treatment, I put a short interpretation of where\/what energy treated. Sometimes the treatment can be longer, depending on the guidance.\t\t\t\t\t\t<\/div>\n\t\t\t\t<\/div>\n\t\t\t\t\t<\/div>\n\t\t<\/div>\n\t\t\t\t<div class=\"elementor-column elementor-col-50 elementor-top-column elementor-element elementor-element-8ec619d\" data-id=\"8ec619d\" data-element_type=\"column\">\n\t\t\t<div class=\"elementor-widget-wrap elementor-element-populated\">\n\t\t\t\t\t\t\t\t<div class=\"elementor-element elementor-element-b845483 elementor-widget elementor-widget-image\" data-id=\"b845483\" data-element_type=\"widget\" data-widget_type=\"image.default\">\n\t\t\t\t<div class=\"elementor-widget-container\">\n\t\t\t<style>\/*! elementor - v3.13.3 - 28-05-2023 *\/\n.elementor-widget-image{text-align:center}.elementor-widget-image a{display:inline-block}.elementor-widget-image a img[src$=\".svg\"]{width:48px}.elementor-widget-image img{vertical-align:middle;display:inline-block}<\/style>\t\t\t\t\t\t\t\t\t\t\t\t<img decoding=\"async\" width=\"768\" height=\"1024\" src=\"https:\/\/www.leena-maria.net\/wp-content\/uploads\/2023\/05\/Leena-Maria-kuva-02-768x1024.jpg\" class=\"attachment-large size-large wp-image-299\" alt=\"\" loading=\"lazy\" srcset=\"https:\/\/www.leena-maria.net\/wp-content\/uploads\/2023\/05\/Leena-Maria-kuva-02-768x1024.jpg 768w, https:\/\/www.leena-maria.net\/wp-content\/uploads\/2023\/05\/Leena-Maria-kuva-02-225x300.jpg 225w, https:\/\/www.leena-maria.net\/wp-content\/uploads\/2023\/05\/Leena-Maria-kuva-02-1152x1536.jpg 1152w, https:\/\/www.leena-maria.net\/wp-content\/uploads\/2023\/05\/Leena-Maria-kuva-02.jpg 1200w\" sizes=\"(max-width: 768px) 100vw, 768px\" \/>\t\t\t\t\t\t\t\t\t\t\t\t\t\t\t<\/div>\n\t\t\t\t<\/div>\n\t\t\t\t\t<\/div>\n\t\t<\/div>\n\t\t\t\t\t\t\t<\/div>\n\t\t<\/section>\n\t\t\t\t\t\t\t<\/div>","protected":false},"excerpt":{"rendered":"<p>Palvelut ja hinnasto Ole yhteydess\u00e4 osoitteeseen leena-maria@leena-maria.net, jos olet kiinnostunut tilaamaan palvelun. Kaikkien uusien asiakkaiden kanssa aloitamme kartoituksella. Tied\u00e4t itse, milloin on aikasi tulla. Pariterapia 80 e N\u00e4kij\u00e4n energiahoito 90 min \/ 95 \u20acN\u00e4kij\u00e4n energiahoito alkaa keskustelulla, k\u00e4ymme l\u00e4pi toiveesi ja pinnalla olevat aiheet. Sanoitan sieluasi. Se on hyv\u00e4 muistaa, ett\u00e4 min\u00e4 en ennusta tulevaa. [&hellip;]<\/p>","protected":false},"author":2,"featured_media":0,"parent":0,"menu_order":0,"comment_status":"closed","ping_status":"closed","template":"elementor_header_footer","meta":[],"yoast_head":"<!-- This site is optimized with the Yoast SEO plugin v20.12 - https:\/\/yoast.com\/wordpress\/plugins\/seo\/ -->\n<title>Kauppa - Leena-Maria<\/title>\n<meta name=\"description\" content=\"Ole yhteydess\u00e4 s\u00e4hk\u00f6postitse, jos olet kiinnostunut tilaamaan palvelun. Kaikkien uusien asiakkaiden kanssa aloitamme kartoituksella.\" \/>\n<meta name=\"robots\" content=\"index, follow, max-snippet:-1, max-image-preview:large, max-video-preview:-1\" \/>\n<link rel=\"canonical\" href=\"https:\/\/www.leena-maria.net\/en\/kauppa\/\" \/>\n<meta property=\"og:locale\" content=\"en_US\" \/>\n<meta property=\"og:type\" content=\"article\" \/>\n<meta property=\"og:title\" content=\"Kauppa - Leena-Maria\" \/>\n<meta property=\"og:description\" content=\"Ole yhteydess\u00e4 s\u00e4hk\u00f6postitse, jos olet kiinnostunut tilaamaan palvelun. Kaikkien uusien asiakkaiden kanssa aloitamme kartoituksella.\" \/>\n<meta property=\"og:url\" content=\"https:\/\/www.leena-maria.net\/en\/kauppa\/\" \/>\n<meta property=\"og:site_name\" content=\"Leena-Maria\" \/>\n<meta property=\"article:modified_time\" content=\"2023-08-07T20:43:38+00:00\" \/>\n<meta property=\"og:image\" content=\"http:\/\/www.leena-maria.net\/wp-content\/uploads\/2023\/05\/Leena-Maria-kuva-02-768x1024.jpg\" \/>\n<meta name=\"twitter:card\" content=\"summary_large_image\" \/>\n<meta name=\"twitter:label1\" content=\"Est. reading time\" \/>\n\t<meta name=\"twitter:data1\" content=\"2 minutes\" \/>\n<script type=\"application\/ld+json\" class=\"yoast-schema-graph\">{\"@context\":\"https:\/\/schema.org\",\"@graph\":[{\"@type\":\"WebPage\",\"@id\":\"https:\/\/www.leena-maria.net\/en\/kauppa\/\",\"url\":\"https:\/\/www.leena-maria.net\/en\/kauppa\/\",\"name\":\"Kauppa - Leena-Maria\",\"isPartOf\":{\"@id\":\"https:\/\/www.leena-maria.net\/#website\"},\"datePublished\":\"2023-05-23T14:04:22+00:00\",\"dateModified\":\"2023-08-07T20:43:38+00:00\",\"description\":\"Ole yhteydess\u00e4 s\u00e4hk\u00f6postitse, jos olet kiinnostunut tilaamaan palvelun. Kaikkien uusien asiakkaiden kanssa aloitamme kartoituksella.\",\"breadcrumb\":{\"@id\":\"https:\/\/www.leena-maria.net\/en\/kauppa\/#breadcrumb\"},\"inLanguage\":\"en-US\",\"potentialAction\":[{\"@type\":\"ReadAction\",\"target\":[\"https:\/\/www.leena-maria.net\/en\/kauppa\/\"]}]},{\"@type\":\"BreadcrumbList\",\"@id\":\"https:\/\/www.leena-maria.net\/en\/kauppa\/#breadcrumb\",\"itemListElement\":[{\"@type\":\"ListItem\",\"position\":1,\"name\":\"Etusivu\",\"item\":\"http:\/\/www.leena-maria.net\/\"},{\"@type\":\"ListItem\",\"position\":2,\"name\":\"Kauppa\"}]},{\"@type\":\"WebSite\",\"@id\":\"https:\/\/www.leena-maria.net\/#website\",\"url\":\"https:\/\/www.leena-maria.net\/\",\"name\":\"Leena-Maria\",\"description\":\"Tervetuloa kotisivuilleni\",\"potentialAction\":[{\"@type\":\"SearchAction\",\"target\":{\"@type\":\"EntryPoint\",\"urlTemplate\":\"https:\/\/www.leena-maria.net\/?s={search_term_string}\"},\"query-input\":\"required name=search_term_string\"}],\"inLanguage\":\"en-US\"}]}<\/script>\n<!-- \/ Yoast SEO plugin. -->","yoast_head_json":{"title":"Kauppa - Leena-Maria","description":"Ole yhteydess\u00e4 s\u00e4hk\u00f6postitse, jos olet kiinnostunut tilaamaan palvelun. Kaikkien uusien asiakkaiden kanssa aloitamme kartoituksella.","robots":{"index":"index","follow":"follow","max-snippet":"max-snippet:-1","max-image-preview":"max-image-preview:large","max-video-preview":"max-video-preview:-1"},"canonical":"https:\/\/www.leena-maria.net\/en\/kauppa\/","og_locale":"en_US","og_type":"article","og_title":"Kauppa - Leena-Maria","og_description":"Ole yhteydess\u00e4 s\u00e4hk\u00f6postitse, jos olet kiinnostunut tilaamaan palvelun. Kaikkien uusien asiakkaiden kanssa aloitamme kartoituksella.","og_url":"https:\/\/www.leena-maria.net\/en\/kauppa\/","og_site_name":"Leena-Maria","article_modified_time":"2023-08-07T20:43:38+00:00","og_image":[{"url":"http:\/\/www.leena-maria.net\/wp-content\/uploads\/2023\/05\/Leena-Maria-kuva-02-768x1024.jpg"}],"twitter_card":"summary_large_image","twitter_misc":{"Est. reading time":"2 minutes"},"schema":{"@context":"https:\/\/schema.org","@graph":[{"@type":"WebPage","@id":"https:\/\/www.leena-maria.net\/en\/kauppa\/","url":"https:\/\/www.leena-maria.net\/en\/kauppa\/","name":"Kauppa - Leena-Maria","isPartOf":{"@id":"https:\/\/www.leena-maria.net\/#website"},"datePublished":"2023-05-23T14:04:22+00:00","dateModified":"2023-08-07T20:43:38+00:00","description":"Ole yhteydess\u00e4 s\u00e4hk\u00f6postitse, jos olet kiinnostunut tilaamaan palvelun. Kaikkien uusien asiakkaiden kanssa aloitamme kartoituksella.","breadcrumb":{"@id":"https:\/\/www.leena-maria.net\/en\/kauppa\/#breadcrumb"},"inLanguage":"en-US","potentialAction":[{"@type":"ReadAction","target":["https:\/\/www.leena-maria.net\/en\/kauppa\/"]}]},{"@type":"BreadcrumbList","@id":"https:\/\/www.leena-maria.net\/en\/kauppa\/#breadcrumb","itemListElement":[{"@type":"ListItem","position":1,"name":"Etusivu","item":"http:\/\/www.leena-maria.net\/"},{"@type":"ListItem","position":2,"name":"Kauppa"}]},{"@type":"WebSite","@id":"https:\/\/www.leena-maria.net\/#website","url":"https:\/\/www.leena-maria.net\/","name":"Leena-Maria","description":"Tervetuloa kotisivuilleni","potentialAction":[{"@type":"SearchAction","target":{"@type":"EntryPoint","urlTemplate":"https:\/\/www.leena-maria.net\/?s={search_term_string}"},"query-input":"required name=search_term_string"}],"inLanguage":"en-US"}]}},"_links":{"self":[{"href":"https:\/\/www.leena-maria.net\/en\/wp-json\/wp\/v2\/pages\/321"}],"collection":[{"href":"https:\/\/www.leena-maria.net\/en\/wp-json\/wp\/v2\/pages"}],"about":[{"href":"https:\/\/www.leena-maria.net\/en\/wp-json\/wp\/v2\/types\/page"}],"author":[{"embeddable":true,"href":"https:\/\/www.leena-maria.net\/en\/wp-json\/wp\/v2\/users\/2"}],"replies":[{"embeddable":true,"href":"https:\/\/www.leena-maria.net\/en\/wp-json\/wp\/v2\/comments?post=321"}],"version-history":[{"count":23,"href":"https:\/\/www.leena-maria.net\/en\/wp-json\/wp\/v2\/pages\/321\/revisions"}],"predecessor-version":[{"id":470,"href":"https:\/\/www.leena-maria.net\/en\/wp-json\/wp\/v2\/pages\/321\/revisions\/470"}],"wp:attachment":[{"href":"https:\/\/www.leena-maria.net\/en\/wp-json\/wp\/v2\/media?parent=321"}],"curies":[{"name":"wp","href":"https:\/\/api.w.org\/{rel}","templated":true}]}}