{"id":278,"date":"2023-04-05T18:37:56","date_gmt":"2023-04-05T18:37:56","guid":{"rendered":"https:\/\/www.leena-maria.net\/?page_id=278"},"modified":"2023-06-01T19:32:30","modified_gmt":"2023-06-01T19:32:30","slug":"palautteet","status":"publish","type":"page","link":"https:\/\/www.leena-maria.net\/en\/palautteet\/","title":{"rendered":"Feedback"},"content":{"rendered":"<div data-elementor-type=\"wp-page\" data-elementor-id=\"278\" class=\"elementor elementor-278\">\n\t\t\t\t\t\t\t\t\t<section class=\"elementor-section elementor-top-section elementor-element elementor-element-224b02a elementor-section-boxed elementor-section-height-default elementor-section-height-default\" data-id=\"224b02a\" data-element_type=\"section\">\n\t\t\t\t\t\t<div class=\"elementor-container elementor-column-gap-default\">\n\t\t\t\t\t<div class=\"elementor-column elementor-col-100 elementor-top-column elementor-element elementor-element-3076090\" data-id=\"3076090\" data-element_type=\"column\">\n\t\t\t<div class=\"elementor-widget-wrap elementor-element-populated\">\n\t\t\t\t\t\t\t\t<div class=\"elementor-element elementor-element-a843a67 elementor-widget__width-initial elementor-widget elementor-widget-image\" data-id=\"a843a67\" data-element_type=\"widget\" data-widget_type=\"image.default\">\n\t\t\t\t<div class=\"elementor-widget-container\">\n\t\t\t<style>\/*! elementor - v3.13.3 - 28-05-2023 *\/\n.elementor-widget-image{text-align:center}.elementor-widget-image a{display:inline-block}.elementor-widget-image a img[src$=\".svg\"]{width:48px}.elementor-widget-image img{vertical-align:middle;display:inline-block}<\/style>\t\t\t\t\t\t\t\t\t\t\t\t<img decoding=\"async\" width=\"800\" height=\"850\" src=\"https:\/\/www.leena-maria.net\/wp-content\/uploads\/2023\/05\/Leena-Maria-kuva-14-964x1024.jpg\" class=\"attachment-large size-large wp-image-308\" alt=\"\" loading=\"lazy\" srcset=\"https:\/\/www.leena-maria.net\/wp-content\/uploads\/2023\/05\/Leena-Maria-kuva-14-964x1024.jpg 964w, https:\/\/www.leena-maria.net\/wp-content\/uploads\/2023\/05\/Leena-Maria-kuva-14-282x300.jpg 282w, https:\/\/www.leena-maria.net\/wp-content\/uploads\/2023\/05\/Leena-Maria-kuva-14-768x816.jpg 768w, https:\/\/www.leena-maria.net\/wp-content\/uploads\/2023\/05\/Leena-Maria-kuva-14-1445x1536.jpg 1445w, https:\/\/www.leena-maria.net\/wp-content\/uploads\/2023\/05\/Leena-Maria-kuva-14.jpg 1707w\" sizes=\"(max-width: 800px) 100vw, 800px\" \/>\t\t\t\t\t\t\t\t\t\t\t\t\t\t\t<\/div>\n\t\t\t\t<\/div>\n\t\t\t\t<div class=\"elementor-element elementor-element-252d198 elementor-widget elementor-widget-heading\" data-id=\"252d198\" data-element_type=\"widget\" data-widget_type=\"heading.default\">\n\t\t\t\t<div class=\"elementor-widget-container\">\n\t\t\t<style>\/*! elementor - v3.13.3 - 28-05-2023 *\/\n.elementor-heading-title{padding:0;margin:0;line-height:1}.elementor-widget-heading .elementor-heading-title[class*=elementor-size-]>a{color:inherit;font-size:inherit;line-height:inherit}.elementor-widget-heading .elementor-heading-title.elementor-size-small{font-size:15px}.elementor-widget-heading .elementor-heading-title.elementor-size-medium{font-size:19px}.elementor-widget-heading .elementor-heading-title.elementor-size-large{font-size:29px}.elementor-widget-heading .elementor-heading-title.elementor-size-xl{font-size:39px}.elementor-widget-heading .elementor-heading-title.elementor-size-xxl{font-size:59px}<\/style><h3 class=\"elementor-heading-title elementor-size-default\">Feedback<\/h3>\t\t<\/div>\n\t\t\t\t<\/div>\n\t\t\t\t<div class=\"elementor-element elementor-element-2f97370 elementor-widget elementor-widget-text-editor\" data-id=\"2f97370\" data-element_type=\"widget\" data-widget_type=\"text-editor.default\">\n\t\t\t\t<div class=\"elementor-widget-container\">\n\t\t\t<style>\/*! elementor - v3.13.3 - 28-05-2023 *\/\n.elementor-widget-text-editor.elementor-drop-cap-view-stacked .elementor-drop-cap{background-color:#69727d;color:#fff}.elementor-widget-text-editor.elementor-drop-cap-view-framed .elementor-drop-cap{color:#69727d;border:3px solid;background-color:transparent}.elementor-widget-text-editor:not(.elementor-drop-cap-view-default) .elementor-drop-cap{margin-top:8px}.elementor-widget-text-editor:not(.elementor-drop-cap-view-default) .elementor-drop-cap-letter{width:1em;height:1em}.elementor-widget-text-editor .elementor-drop-cap{float:left;text-align:center;line-height:1;font-size:50px}.elementor-widget-text-editor .elementor-drop-cap-letter{display:inline-block}<\/style>\t\t\t\t<p>\u201cThank you very much for your channeling, I am impressed. You were very precise about what was going on in my energies. I figured that you married me just right, the way I am. You said things very precisely and correctly about my children and my life partner as well. You met my spirit guide, who I had also sensed in my lap and I received a precise confirmation. You gave me a very detailed account of my past life, which released a lot of the burden of trauma from the past and helped me to understand the very difficult time I experienced from the perspective of spiritual growth. I feel that it is safe for you to open up about even the most painful things and you will always be greeted with love. Oh, to relax completely in your channelings and treatment. The eta energy treatment I received from you was powerful and impressive. I will continue to turn to you whenever I need guidance and clarity on my path or energy therapy. I wholeheartedly recommend Leena's channels and treatments to others!\"<\/p>\t\t\t\t\t\t<\/div>\n\t\t\t\t<\/div>\n\t\t\t\t<div class=\"elementor-element elementor-element-a6bd5b2 elementor-widget elementor-widget-text-editor\" data-id=\"a6bd5b2\" data-element_type=\"widget\" data-widget_type=\"text-editor.default\">\n\t\t\t\t<div class=\"elementor-widget-container\">\n\t\t\t\t\t\t\t<i>With love, Jenni<\/i>\t\t\t\t\t\t<\/div>\n\t\t\t\t<\/div>\n\t\t\t\t\t<\/div>\n\t\t<\/div>\n\t\t\t\t\t\t\t<\/div>\n\t\t<\/section>\n\t\t\t\t<section class=\"elementor-section elementor-top-section elementor-element elementor-element-6daba78 elementor-section-boxed elementor-section-height-default elementor-section-height-default\" data-id=\"6daba78\" data-element_type=\"section\">\n\t\t\t\t\t\t<div class=\"elementor-container elementor-column-gap-default\">\n\t\t\t\t\t<div class=\"elementor-column elementor-col-100 elementor-top-column elementor-element elementor-element-1af8b28\" data-id=\"1af8b28\" data-element_type=\"column\">\n\t\t\t<div class=\"elementor-widget-wrap elementor-element-populated\">\n\t\t\t\t\t\t\t\t<div class=\"elementor-element elementor-element-4fa3fd5 elementor-widget elementor-widget-text-editor\" data-id=\"4fa3fd5\" data-element_type=\"widget\" data-widget_type=\"text-editor.default\">\n\t\t\t\t<div class=\"elementor-widget-container\">\n\t\t\t\t\t\t\t&#8221;\t\t\t\t\t\t<\/div>\n\t\t\t\t<\/div>\n\t\t\t\t\t<\/div>\n\t\t<\/div>\n\t\t\t\t\t\t\t<\/div>\n\t\t<\/section>\n\t\t\t\t<section class=\"elementor-section elementor-top-section elementor-element elementor-element-597b3f6 elementor-section-boxed elementor-section-height-default elementor-section-height-default\" data-id=\"597b3f6\" data-element_type=\"section\">\n\t\t\t\t\t\t<div class=\"elementor-container elementor-column-gap-default\">\n\t\t\t\t\t<div class=\"elementor-column elementor-col-100 elementor-top-column elementor-element elementor-element-6b5b2ef\" data-id=\"6b5b2ef\" data-element_type=\"column\">\n\t\t\t<div class=\"elementor-widget-wrap elementor-element-populated\">\n\t\t\t\t\t\t\t\t<div class=\"elementor-element elementor-element-9d3c72a elementor-widget elementor-widget-text-editor\" data-id=\"9d3c72a\" data-element_type=\"widget\" data-widget_type=\"text-editor.default\">\n\t\t\t\t<div class=\"elementor-widget-container\">\n\t\t\t\t\t\t\t\"Thank you Leena for the accurate interpretation. It helped me again on my journey forward and I realized specific things for myself. Thank you Leena.\"\t\t\t\t\t\t<\/div>\n\t\t\t\t<\/div>\n\t\t\t\t<div class=\"elementor-element elementor-element-32198d9 elementor-widget elementor-widget-text-editor\" data-id=\"32198d9\" data-element_type=\"widget\" data-widget_type=\"text-editor.default\">\n\t\t\t\t<div class=\"elementor-widget-container\">\n\t\t\t\t\t\t\t<i>Pekka J.<\/i>\t\t\t\t\t\t<\/div>\n\t\t\t\t<\/div>\n\t\t\t\t\t<\/div>\n\t\t<\/div>\n\t\t\t\t\t\t\t<\/div>\n\t\t<\/section>\n\t\t\t\t<section class=\"elementor-section elementor-top-section elementor-element elementor-element-5a9c2dd elementor-section-boxed elementor-section-height-default elementor-section-height-default\" data-id=\"5a9c2dd\" data-element_type=\"section\">\n\t\t\t\t\t\t<div class=\"elementor-container elementor-column-gap-default\">\n\t\t\t\t\t<div class=\"elementor-column elementor-col-100 elementor-top-column elementor-element elementor-element-98e0f29\" data-id=\"98e0f29\" data-element_type=\"column\">\n\t\t\t<div class=\"elementor-widget-wrap elementor-element-populated\">\n\t\t\t\t\t\t\t\t<div class=\"elementor-element elementor-element-556c572 elementor-widget elementor-widget-text-editor\" data-id=\"556c572\" data-element_type=\"widget\" data-widget_type=\"text-editor.default\">\n\t\t\t\t<div class=\"elementor-widget-container\">\n\t\t\t\t\t\t\t&#8221;\t\t\t\t\t\t<\/div>\n\t\t\t\t<\/div>\n\t\t\t\t\t<\/div>\n\t\t<\/div>\n\t\t\t\t\t\t\t<\/div>\n\t\t<\/section>\n\t\t\t\t<section class=\"elementor-section elementor-top-section elementor-element elementor-element-5dcc221 elementor-section-boxed elementor-section-height-default elementor-section-height-default\" data-id=\"5dcc221\" data-element_type=\"section\">\n\t\t\t\t\t\t<div class=\"elementor-container elementor-column-gap-default\">\n\t\t\t\t\t<div class=\"elementor-column elementor-col-100 elementor-top-column elementor-element elementor-element-c9e5de1\" data-id=\"c9e5de1\" data-element_type=\"column\">\n\t\t\t<div class=\"elementor-widget-wrap elementor-element-populated\">\n\t\t\t\t\t\t\t\t<div class=\"elementor-element elementor-element-aa2e8e7 elementor-widget elementor-widget-text-editor\" data-id=\"aa2e8e7\" data-element_type=\"widget\" data-widget_type=\"text-editor.default\">\n\t\t\t\t<div class=\"elementor-widget-container\">\n\t\t\t\t\t\t\t<p>\u201dDue to suddenly difficult life circumstances and great uncertainty, I became aware through a friend of energy healing. So I came into contact with Leena and without knowing what energy healing really is, I listened to my intuition and simply booked an appointment with her. Without knowing what to expect I just went there hoping to get some kind of support. Leena greeted me warmly and I immediately felt good. I first told her my worries and fears, she listened attentively and asked me a few additional questions. Her questions showed me that she understood me immediately. She really has a lot of life experience and knows what she is talking about, which made me feel comfortable from the beginning.\n<\/p><p>\nAlready during the first session I could see changes in my perception, she brought things to light that I did not expect but made perfect sense. I was amazed. My actions (after our first session) suddenly went in the direction they should. Things that were difficult for me before, I could suddenly master. I am really grateful to have met Leena, with her knowledge and experience she is really a great asset. Our conversations inspire me far beyond the sessions and accompany me in my everyday life!\u201d<\/p>\t\t\t\t\t\t<\/div>\n\t\t\t\t<\/div>\n\t\t\t\t<div class=\"elementor-element elementor-element-6afe4e1 elementor-widget elementor-widget-text-editor\" data-id=\"6afe4e1\" data-element_type=\"widget\" data-widget_type=\"text-editor.default\">\n\t\t\t\t<div class=\"elementor-widget-container\">\n\t\t\t\t\t\t\t<i>Bianca E.<\/i>\t\t\t\t\t\t<\/div>\n\t\t\t\t<\/div>\n\t\t\t\t\t<\/div>\n\t\t<\/div>\n\t\t\t\t\t\t\t<\/div>\n\t\t<\/section>\n\t\t\t\t\t\t\t<\/div>","protected":false},"excerpt":{"rendered":"<p>Palautteet \u201cSuuri kiitos kanavoinneistasi, olen vaikuttunut. N\u00e4it h\u00e4mm\u00e4stytt\u00e4v\u00e4n tarkasti, mit\u00e4 energioissani oli meneill\u00e4\u00e4n. Koin, ett\u00e4 n\u00e4it minut juuri oikein, sen millainen olen. N\u00e4it hyvin tarkasti ja oikein asioita my\u00f6s lapsistani ja el\u00e4m\u00e4nkumppanistani. N\u00e4it henkioppaani, jonka olin my\u00f6s aistinut l\u00e4hell\u00e4ni ja sain t\u00e4rke\u00e4n vahvistuksen. N\u00e4it yhteen minulle todella t\u00e4rke\u00e4\u00e4n menneeseen el\u00e4m\u00e4\u00e4n, mik\u00e4 vapautti paljon trauma taakkaa [&hellip;]<\/p>","protected":false},"author":2,"featured_media":0,"parent":0,"menu_order":0,"comment_status":"closed","ping_status":"closed","template":"elementor_header_footer","meta":[],"yoast_head":"<!-- This site is optimized with the Yoast SEO plugin v20.12 - https:\/\/yoast.com\/wordpress\/plugins\/seo\/ -->\n<title>Palautteet - Leena-Maria<\/title>\n<meta name=\"description\" content=\"Tervetuloa lukemaan saamiani palautteita ja kokemuksia kohtaamisista.\" \/>\n<meta name=\"robots\" content=\"index, follow, max-snippet:-1, max-image-preview:large, max-video-preview:-1\" \/>\n<link rel=\"canonical\" href=\"https:\/\/www.leena-maria.net\/en\/palautteet\/\" \/>\n<meta property=\"og:locale\" content=\"en_US\" \/>\n<meta property=\"og:type\" content=\"article\" \/>\n<meta property=\"og:title\" content=\"Palautteet - Leena-Maria\" \/>\n<meta property=\"og:description\" content=\"Tervetuloa lukemaan saamiani palautteita ja kokemuksia kohtaamisista.\" \/>\n<meta property=\"og:url\" content=\"https:\/\/www.leena-maria.net\/en\/palautteet\/\" \/>\n<meta property=\"og:site_name\" content=\"Leena-Maria\" \/>\n<meta property=\"article:modified_time\" content=\"2023-06-01T19:32:30+00:00\" \/>\n<meta property=\"og:image\" content=\"http:\/\/www.leena-maria.net\/wp-content\/uploads\/2023\/05\/Leena-Maria-kuva-14-964x1024.jpg\" \/>\n<meta name=\"twitter:card\" content=\"summary_large_image\" \/>\n<meta name=\"twitter:label1\" content=\"Est. reading time\" \/>\n\t<meta name=\"twitter:data1\" content=\"3 minutes\" \/>\n<script type=\"application\/ld+json\" class=\"yoast-schema-graph\">{\"@context\":\"https:\/\/schema.org\",\"@graph\":[{\"@type\":\"WebPage\",\"@id\":\"http:\/\/www.leena-maria.net\/palautteet\/\",\"url\":\"http:\/\/www.leena-maria.net\/palautteet\/\",\"name\":\"Palautteet - Leena-Maria\",\"isPartOf\":{\"@id\":\"https:\/\/www.leena-maria.net\/#website\"},\"datePublished\":\"2023-04-05T18:37:56+00:00\",\"dateModified\":\"2023-06-01T19:32:30+00:00\",\"description\":\"Tervetuloa lukemaan saamiani palautteita ja kokemuksia kohtaamisista.\",\"breadcrumb\":{\"@id\":\"http:\/\/www.leena-maria.net\/palautteet\/#breadcrumb\"},\"inLanguage\":\"en-US\",\"potentialAction\":[{\"@type\":\"ReadAction\",\"target\":[\"http:\/\/www.leena-maria.net\/palautteet\/\"]}]},{\"@type\":\"BreadcrumbList\",\"@id\":\"http:\/\/www.leena-maria.net\/palautteet\/#breadcrumb\",\"itemListElement\":[{\"@type\":\"ListItem\",\"position\":1,\"name\":\"Etusivu\",\"item\":\"http:\/\/www.leena-maria.net\/\"},{\"@type\":\"ListItem\",\"position\":2,\"name\":\"Palautteet\"}]},{\"@type\":\"WebSite\",\"@id\":\"https:\/\/www.leena-maria.net\/#website\",\"url\":\"https:\/\/www.leena-maria.net\/\",\"name\":\"Leena-Maria\",\"description\":\"Tervetuloa kotisivuilleni\",\"potentialAction\":[{\"@type\":\"SearchAction\",\"target\":{\"@type\":\"EntryPoint\",\"urlTemplate\":\"https:\/\/www.leena-maria.net\/?s={search_term_string}\"},\"query-input\":\"required name=search_term_string\"}],\"inLanguage\":\"en-US\"}]}<\/script>\n<!-- \/ Yoast SEO plugin. -->","yoast_head_json":{"title":"Palautteet - Leena-Maria","description":"Tervetuloa lukemaan saamiani palautteita ja kokemuksia kohtaamisista.","robots":{"index":"index","follow":"follow","max-snippet":"max-snippet:-1","max-image-preview":"max-image-preview:large","max-video-preview":"max-video-preview:-1"},"canonical":"https:\/\/www.leena-maria.net\/en\/palautteet\/","og_locale":"en_US","og_type":"article","og_title":"Palautteet - Leena-Maria","og_description":"Tervetuloa lukemaan saamiani palautteita ja kokemuksia kohtaamisista.","og_url":"https:\/\/www.leena-maria.net\/en\/palautteet\/","og_site_name":"Leena-Maria","article_modified_time":"2023-06-01T19:32:30+00:00","og_image":[{"url":"http:\/\/www.leena-maria.net\/wp-content\/uploads\/2023\/05\/Leena-Maria-kuva-14-964x1024.jpg"}],"twitter_card":"summary_large_image","twitter_misc":{"Est. reading time":"3 minutes"},"schema":{"@context":"https:\/\/schema.org","@graph":[{"@type":"WebPage","@id":"http:\/\/www.leena-maria.net\/palautteet\/","url":"http:\/\/www.leena-maria.net\/palautteet\/","name":"Palautteet - Leena-Maria","isPartOf":{"@id":"https:\/\/www.leena-maria.net\/#website"},"datePublished":"2023-04-05T18:37:56+00:00","dateModified":"2023-06-01T19:32:30+00:00","description":"Tervetuloa lukemaan saamiani palautteita ja kokemuksia kohtaamisista.","breadcrumb":{"@id":"http:\/\/www.leena-maria.net\/palautteet\/#breadcrumb"},"inLanguage":"en-US","potentialAction":[{"@type":"ReadAction","target":["http:\/\/www.leena-maria.net\/palautteet\/"]}]},{"@type":"BreadcrumbList","@id":"http:\/\/www.leena-maria.net\/palautteet\/#breadcrumb","itemListElement":[{"@type":"ListItem","position":1,"name":"Etusivu","item":"http:\/\/www.leena-maria.net\/"},{"@type":"ListItem","position":2,"name":"Palautteet"}]},{"@type":"WebSite","@id":"https:\/\/www.leena-maria.net\/#website","url":"https:\/\/www.leena-maria.net\/","name":"Leena-Maria","description":"Tervetuloa kotisivuilleni","potentialAction":[{"@type":"SearchAction","target":{"@type":"EntryPoint","urlTemplate":"https:\/\/www.leena-maria.net\/?s={search_term_string}"},"query-input":"required name=search_term_string"}],"inLanguage":"en-US"}]}},"_links":{"self":[{"href":"https:\/\/www.leena-maria.net\/en\/wp-json\/wp\/v2\/pages\/278"}],"collection":[{"href":"https:\/\/www.leena-maria.net\/en\/wp-json\/wp\/v2\/pages"}],"about":[{"href":"https:\/\/www.leena-maria.net\/en\/wp-json\/wp\/v2\/types\/page"}],"author":[{"embeddable":true,"href":"https:\/\/www.leena-maria.net\/en\/wp-json\/wp\/v2\/users\/2"}],"replies":[{"embeddable":true,"href":"https:\/\/www.leena-maria.net\/en\/wp-json\/wp\/v2\/comments?post=278"}],"version-history":[{"count":27,"href":"https:\/\/www.leena-maria.net\/en\/wp-json\/wp\/v2\/pages\/278\/revisions"}],"predecessor-version":[{"id":445,"href":"https:\/\/www.leena-maria.net\/en\/wp-json\/wp\/v2\/pages\/278\/revisions\/445"}],"wp:attachment":[{"href":"https:\/\/www.leena-maria.net\/en\/wp-json\/wp\/v2\/media?parent=278"}],"curies":[{"name":"wp","href":"https:\/\/api.w.org\/{rel}","templated":true}]}}