{"id":258,"date":"2023-04-05T18:15:48","date_gmt":"2023-04-05T18:15:48","guid":{"rendered":"https:\/\/www.leena-maria.net\/?page_id=258"},"modified":"2023-06-01T19:29:14","modified_gmt":"2023-06-01T19:29:14","slug":"palveluista","status":"publish","type":"page","link":"https:\/\/www.leena-maria.net\/en\/palveluista\/","title":{"rendered":"Services"},"content":{"rendered":"<div data-elementor-type=\"wp-page\" data-elementor-id=\"258\" class=\"elementor elementor-258\">\n\t\t\t\t\t\t\t\t\t<section class=\"elementor-section elementor-top-section elementor-element elementor-element-224b02a elementor-section-boxed elementor-section-height-default elementor-section-height-default\" data-id=\"224b02a\" data-element_type=\"section\">\n\t\t\t\t\t\t<div class=\"elementor-container elementor-column-gap-default\">\n\t\t\t\t\t<div class=\"elementor-column elementor-col-50 elementor-top-column elementor-element elementor-element-3076090\" data-id=\"3076090\" data-element_type=\"column\">\n\t\t\t<div class=\"elementor-widget-wrap elementor-element-populated\">\n\t\t\t\t\t\t\t\t<div class=\"elementor-element elementor-element-252d198 elementor-widget elementor-widget-heading\" data-id=\"252d198\" data-element_type=\"widget\" data-widget_type=\"heading.default\">\n\t\t\t\t<div class=\"elementor-widget-container\">\n\t\t\t<style>\/*! elementor - v3.13.3 - 28-05-2023 *\/\n.elementor-heading-title{padding:0;margin:0;line-height:1}.elementor-widget-heading .elementor-heading-title[class*=elementor-size-]>a{color:inherit;font-size:inherit;line-height:inherit}.elementor-widget-heading .elementor-heading-title.elementor-size-small{font-size:15px}.elementor-widget-heading .elementor-heading-title.elementor-size-medium{font-size:19px}.elementor-widget-heading .elementor-heading-title.elementor-size-large{font-size:29px}.elementor-widget-heading .elementor-heading-title.elementor-size-xl{font-size:39px}.elementor-widget-heading .elementor-heading-title.elementor-size-xxl{font-size:59px}<\/style><h3 class=\"elementor-heading-title elementor-size-default\">What is energy therapy?<\/h3>\t\t<\/div>\n\t\t\t\t<\/div>\n\t\t\t\t<div class=\"elementor-element elementor-element-2f97370 elementor-widget elementor-widget-text-editor\" data-id=\"2f97370\" data-element_type=\"widget\" data-widget_type=\"text-editor.default\">\n\t\t\t\t<div class=\"elementor-widget-container\">\n\t\t\t<style>\/*! elementor - v3.13.3 - 28-05-2023 *\/\n.elementor-widget-text-editor.elementor-drop-cap-view-stacked .elementor-drop-cap{background-color:#69727d;color:#fff}.elementor-widget-text-editor.elementor-drop-cap-view-framed .elementor-drop-cap{color:#69727d;border:3px solid;background-color:transparent}.elementor-widget-text-editor:not(.elementor-drop-cap-view-default) .elementor-drop-cap{margin-top:8px}.elementor-widget-text-editor:not(.elementor-drop-cap-view-default) .elementor-drop-cap-letter{width:1em;height:1em}.elementor-widget-text-editor .elementor-drop-cap{float:left;text-align:center;line-height:1;font-size:50px}.elementor-widget-text-editor .elementor-drop-cap-letter{display:inline-block}<\/style>\t\t\t\t<p>Body, mind and soul are an incredibly beautiful whole. Our bodies are incredibly wise. Every one of your experiences, memories, past experiences (including those of former lives) are shared in cellular memory. They serve us for a while, until it's time to fast, so that new ones can take their place.  Being a woman, your body remembers and carries with it negative and heavy burdens that may cause pain, low mood, depression, illnesses, fatigue, lack of enthusiasm... Illnesses often have an energetic cause.\n<\/p><p>\nIn energy therapy, the brightest and highest light is sent to the parts of your body that need it the most. I am under the guidance of unconditional love as a tube of light, the light just passes through my veins so that it can reach you. The treatment always goes exactly in your best interest. Everyone's treatment is different. My intuition tells me everything and I am guided during the treatment. So I basically don't do anything other than being a pole of light. When bright light\/love starts to flow through your system, it opens the dark (negative blockages, traumas) and fills them with light. Often during the treatment I am brought messages, visions, feelings or thoughts that are good to bring to your awareness. It is good to note that the symptoms may get worse for a while when they rise to the surface, and thus leave your system, but that is completely normal and part of the matter and is really desirable.\n<\/p>\t\t\t\t\t\t<\/div>\n\t\t\t\t<\/div>\n\t\t\t\t\t<\/div>\n\t\t<\/div>\n\t\t\t\t<div class=\"elementor-column elementor-col-50 elementor-top-column elementor-element elementor-element-8ec619d\" data-id=\"8ec619d\" data-element_type=\"column\">\n\t\t\t<div class=\"elementor-widget-wrap elementor-element-populated\">\n\t\t\t\t\t\t\t\t<div class=\"elementor-element elementor-element-b845483 elementor-widget elementor-widget-image\" data-id=\"b845483\" data-element_type=\"widget\" data-widget_type=\"image.default\">\n\t\t\t\t<div class=\"elementor-widget-container\">\n\t\t\t<style>\/*! elementor - v3.13.3 - 28-05-2023 *\/\n.elementor-widget-image{text-align:center}.elementor-widget-image a{display:inline-block}.elementor-widget-image a img[src$=\".svg\"]{width:48px}.elementor-widget-image img{vertical-align:middle;display:inline-block}<\/style>\t\t\t\t\t\t\t\t\t\t\t\t<img decoding=\"async\" width=\"800\" height=\"600\" src=\"https:\/\/www.leena-maria.net\/wp-content\/uploads\/2023\/05\/Leena-Maria-kuva-01-1024x768.jpg\" class=\"attachment-large size-large wp-image-298\" alt=\"\" loading=\"lazy\" srcset=\"https:\/\/www.leena-maria.net\/wp-content\/uploads\/2023\/05\/Leena-Maria-kuva-01-1024x768.jpg 1024w, https:\/\/www.leena-maria.net\/wp-content\/uploads\/2023\/05\/Leena-Maria-kuva-01-300x225.jpg 300w, https:\/\/www.leena-maria.net\/wp-content\/uploads\/2023\/05\/Leena-Maria-kuva-01-768x576.jpg 768w, https:\/\/www.leena-maria.net\/wp-content\/uploads\/2023\/05\/Leena-Maria-kuva-01-1536x1152.jpg 1536w, https:\/\/www.leena-maria.net\/wp-content\/uploads\/2023\/05\/Leena-Maria-kuva-01.jpg 1920w\" sizes=\"(max-width: 800px) 100vw, 800px\" \/>\t\t\t\t\t\t\t\t\t\t\t\t\t\t\t<\/div>\n\t\t\t\t<\/div>\n\t\t\t\t\t<\/div>\n\t\t<\/div>\n\t\t\t\t\t\t\t<\/div>\n\t\t<\/section>\n\t\t\t\t<section class=\"elementor-section elementor-top-section elementor-element elementor-element-80bf00d elementor-section-boxed elementor-section-height-default elementor-section-height-default\" data-id=\"80bf00d\" data-element_type=\"section\">\n\t\t\t\t\t\t<div class=\"elementor-container elementor-column-gap-default\">\n\t\t\t\t\t<div class=\"elementor-column elementor-col-50 elementor-top-column elementor-element elementor-element-66e24ea\" data-id=\"66e24ea\" data-element_type=\"column\">\n\t\t\t<div class=\"elementor-widget-wrap elementor-element-populated\">\n\t\t\t\t\t\t\t\t<div class=\"elementor-element elementor-element-4d5859f elementor-widget elementor-widget-image\" data-id=\"4d5859f\" data-element_type=\"widget\" data-widget_type=\"image.default\">\n\t\t\t\t<div class=\"elementor-widget-container\">\n\t\t\t\t\t\t\t\t\t\t\t\t\t\t\t<img decoding=\"async\" width=\"800\" height=\"875\" src=\"https:\/\/www.leena-maria.net\/wp-content\/uploads\/2023\/02\/IMG-20221216-WA0008-936x1024.jpg\" class=\"attachment-large size-large wp-image-81\" alt=\"\" loading=\"lazy\" srcset=\"https:\/\/www.leena-maria.net\/wp-content\/uploads\/2023\/02\/IMG-20221216-WA0008-936x1024.jpg 936w, https:\/\/www.leena-maria.net\/wp-content\/uploads\/2023\/02\/IMG-20221216-WA0008-274x300.jpg 274w, https:\/\/www.leena-maria.net\/wp-content\/uploads\/2023\/02\/IMG-20221216-WA0008-768x841.jpg 768w, https:\/\/www.leena-maria.net\/wp-content\/uploads\/2023\/02\/IMG-20221216-WA0008.jpg 1195w\" sizes=\"(max-width: 800px) 100vw, 800px\" \/>\t\t\t\t\t\t\t\t\t\t\t\t\t\t\t<\/div>\n\t\t\t\t<\/div>\n\t\t\t\t\t<\/div>\n\t\t<\/div>\n\t\t\t\t<div class=\"elementor-column elementor-col-50 elementor-top-column elementor-element elementor-element-3be406f\" data-id=\"3be406f\" data-element_type=\"column\">\n\t\t\t<div class=\"elementor-widget-wrap elementor-element-populated\">\n\t\t\t\t\t\t\t\t<div class=\"elementor-element elementor-element-f909948 elementor-widget elementor-widget-heading\" data-id=\"f909948\" data-element_type=\"widget\" data-widget_type=\"heading.default\">\n\t\t\t\t<div class=\"elementor-widget-container\">\n\t\t\t<h3 class=\"elementor-heading-title elementor-size-default\">How to prepare for treatment\/ a meeting with a healer\/ Spiritual therapy?<\/h3>\t\t<\/div>\n\t\t\t\t<\/div>\n\t\t\t\t<div class=\"elementor-element elementor-element-d2cf4fa elementor-widget elementor-widget-text-editor\" data-id=\"d2cf4fa\" data-element_type=\"widget\" data-widget_type=\"text-editor.default\">\n\t\t\t\t<div class=\"elementor-widget-container\">\n\t\t\t\t\t\t\t<p>In short, come as you are. With all your \"wrong\" traumas, wounds, incompleteness. I want to meet you EXACTLY as the wonderful perfect individual that you are. 100 percent as the real you. \ud83d\ude0a Everything is perfect! During the treatment, you are the only one, you feel and experience the sensations that arise from it. Sometimes you cry, then you cry, sometimes you laugh and then you laugh, sometimes you relax and fall asleep, it's all perfect. You're just in your own practice, completely at peace, you can't do anything wrong or fail. I will support you and I will help you. You will receive home care instructions and, if necessary, exercises. \nWhen meeting Healer, it's good to write down the things and questions that bother you. That's all, otherwise we can only focus on the energy of love.<\/p>\t\t\t\t\t\t<\/div>\n\t\t\t\t<\/div>\n\t\t\t\t\t<\/div>\n\t\t<\/div>\n\t\t\t\t\t\t\t<\/div>\n\t\t<\/section>\n\t\t\t\t\t\t\t<\/div>","protected":false},"excerpt":{"rendered":"<p>Mit\u00e4 on energiahoito? Keho, mieli ja sielu ovat uskomattoman kaunis kokonaisuus. Kehomme on uskomattoman viisas. Jokainen kokemuksesi, muistosi, menneet kokemukset (my\u00f6s entisten el\u00e4mien) j\u00e4\u00e4v\u00e4t solumuistiin. Ne palvevat meit\u00e4 aikansa, kunnes on aika p\u00e4\u00e4st\u00e4\u00e4 irti, jotta saa uutta tilalle. N\u00e4in ollen kehosi muistaa ja kantaa mukanaan negatiivisia ja raskaita taakkoja, jotka saattavat aiheuttaa kipuja, alakuloisuutta, masennusta, [&hellip;]<\/p>","protected":false},"author":2,"featured_media":0,"parent":0,"menu_order":0,"comment_status":"closed","ping_status":"closed","template":"elementor_header_footer","meta":[],"yoast_head":"<!-- This site is optimized with the Yoast SEO plugin v20.12 - https:\/\/yoast.com\/wordpress\/plugins\/seo\/ -->\n<title>Palveluista - Leena-Maria<\/title>\n<meta name=\"robots\" content=\"index, follow, max-snippet:-1, max-image-preview:large, max-video-preview:-1\" \/>\n<link rel=\"canonical\" href=\"https:\/\/www.leena-maria.net\/en\/palveluista\/\" \/>\n<meta property=\"og:locale\" content=\"en_US\" \/>\n<meta property=\"og:type\" content=\"article\" \/>\n<meta property=\"og:title\" content=\"Palveluista - Leena-Maria\" \/>\n<meta property=\"og:description\" content=\"Mit\u00e4 on energiahoito? Keho, mieli ja sielu ovat uskomattoman kaunis kokonaisuus. Kehomme on uskomattoman viisas. Jokainen kokemuksesi, muistosi, menneet kokemukset (my\u00f6s entisten el\u00e4mien) j\u00e4\u00e4v\u00e4t solumuistiin. Ne palvevat meit\u00e4 aikansa, kunnes on aika p\u00e4\u00e4st\u00e4\u00e4 irti, jotta saa uutta tilalle. N\u00e4in ollen kehosi muistaa ja kantaa mukanaan negatiivisia ja raskaita taakkoja, jotka saattavat aiheuttaa kipuja, alakuloisuutta, masennusta, [&hellip;]\" \/>\n<meta property=\"og:url\" content=\"https:\/\/www.leena-maria.net\/en\/palveluista\/\" \/>\n<meta property=\"og:site_name\" content=\"Leena-Maria\" \/>\n<meta property=\"article:modified_time\" content=\"2023-06-01T19:29:14+00:00\" \/>\n<meta property=\"og:image\" content=\"http:\/\/www.leena-maria.net\/wp-content\/uploads\/2023\/05\/Leena-Maria-kuva-01-1024x768.jpg\" \/>\n<meta name=\"twitter:card\" content=\"summary_large_image\" \/>\n<meta name=\"twitter:label1\" content=\"Est. reading time\" \/>\n\t<meta name=\"twitter:data1\" content=\"3 minutes\" \/>\n<script type=\"application\/ld+json\" class=\"yoast-schema-graph\">{\"@context\":\"https:\/\/schema.org\",\"@graph\":[{\"@type\":\"WebPage\",\"@id\":\"https:\/\/www.leena-maria.net\/en\/palveluista\/\",\"url\":\"https:\/\/www.leena-maria.net\/en\/palveluista\/\",\"name\":\"Palveluista - Leena-Maria\",\"isPartOf\":{\"@id\":\"https:\/\/www.leena-maria.net\/#website\"},\"datePublished\":\"2023-04-05T18:15:48+00:00\",\"dateModified\":\"2023-06-01T19:29:14+00:00\",\"breadcrumb\":{\"@id\":\"https:\/\/www.leena-maria.net\/en\/palveluista\/#breadcrumb\"},\"inLanguage\":\"en-US\",\"potentialAction\":[{\"@type\":\"ReadAction\",\"target\":[\"https:\/\/www.leena-maria.net\/en\/palveluista\/\"]}]},{\"@type\":\"BreadcrumbList\",\"@id\":\"https:\/\/www.leena-maria.net\/en\/palveluista\/#breadcrumb\",\"itemListElement\":[{\"@type\":\"ListItem\",\"position\":1,\"name\":\"Etusivu\",\"item\":\"http:\/\/www.leena-maria.net\/\"},{\"@type\":\"ListItem\",\"position\":2,\"name\":\"Palveluista\"}]},{\"@type\":\"WebSite\",\"@id\":\"https:\/\/www.leena-maria.net\/#website\",\"url\":\"https:\/\/www.leena-maria.net\/\",\"name\":\"Leena-Maria\",\"description\":\"Tervetuloa kotisivuilleni\",\"potentialAction\":[{\"@type\":\"SearchAction\",\"target\":{\"@type\":\"EntryPoint\",\"urlTemplate\":\"https:\/\/www.leena-maria.net\/?s={search_term_string}\"},\"query-input\":\"required name=search_term_string\"}],\"inLanguage\":\"en-US\"}]}<\/script>\n<!-- \/ Yoast SEO plugin. -->","yoast_head_json":{"title":"Palveluista - Leena-Maria","robots":{"index":"index","follow":"follow","max-snippet":"max-snippet:-1","max-image-preview":"max-image-preview:large","max-video-preview":"max-video-preview:-1"},"canonical":"https:\/\/www.leena-maria.net\/en\/palveluista\/","og_locale":"en_US","og_type":"article","og_title":"Palveluista - Leena-Maria","og_description":"Mit\u00e4 on energiahoito? Keho, mieli ja sielu ovat uskomattoman kaunis kokonaisuus. Kehomme on uskomattoman viisas. Jokainen kokemuksesi, muistosi, menneet kokemukset (my\u00f6s entisten el\u00e4mien) j\u00e4\u00e4v\u00e4t solumuistiin. Ne palvevat meit\u00e4 aikansa, kunnes on aika p\u00e4\u00e4st\u00e4\u00e4 irti, jotta saa uutta tilalle. N\u00e4in ollen kehosi muistaa ja kantaa mukanaan negatiivisia ja raskaita taakkoja, jotka saattavat aiheuttaa kipuja, alakuloisuutta, masennusta, [&hellip;]","og_url":"https:\/\/www.leena-maria.net\/en\/palveluista\/","og_site_name":"Leena-Maria","article_modified_time":"2023-06-01T19:29:14+00:00","og_image":[{"url":"http:\/\/www.leena-maria.net\/wp-content\/uploads\/2023\/05\/Leena-Maria-kuva-01-1024x768.jpg"}],"twitter_card":"summary_large_image","twitter_misc":{"Est. reading time":"3 minutes"},"schema":{"@context":"https:\/\/schema.org","@graph":[{"@type":"WebPage","@id":"https:\/\/www.leena-maria.net\/en\/palveluista\/","url":"https:\/\/www.leena-maria.net\/en\/palveluista\/","name":"Palveluista - Leena-Maria","isPartOf":{"@id":"https:\/\/www.leena-maria.net\/#website"},"datePublished":"2023-04-05T18:15:48+00:00","dateModified":"2023-06-01T19:29:14+00:00","breadcrumb":{"@id":"https:\/\/www.leena-maria.net\/en\/palveluista\/#breadcrumb"},"inLanguage":"en-US","potentialAction":[{"@type":"ReadAction","target":["https:\/\/www.leena-maria.net\/en\/palveluista\/"]}]},{"@type":"BreadcrumbList","@id":"https:\/\/www.leena-maria.net\/en\/palveluista\/#breadcrumb","itemListElement":[{"@type":"ListItem","position":1,"name":"Etusivu","item":"http:\/\/www.leena-maria.net\/"},{"@type":"ListItem","position":2,"name":"Palveluista"}]},{"@type":"WebSite","@id":"https:\/\/www.leena-maria.net\/#website","url":"https:\/\/www.leena-maria.net\/","name":"Leena-Maria","description":"Tervetuloa kotisivuilleni","potentialAction":[{"@type":"SearchAction","target":{"@type":"EntryPoint","urlTemplate":"https:\/\/www.leena-maria.net\/?s={search_term_string}"},"query-input":"required name=search_term_string"}],"inLanguage":"en-US"}]}},"_links":{"self":[{"href":"https:\/\/www.leena-maria.net\/en\/wp-json\/wp\/v2\/pages\/258"}],"collection":[{"href":"https:\/\/www.leena-maria.net\/en\/wp-json\/wp\/v2\/pages"}],"about":[{"href":"https:\/\/www.leena-maria.net\/en\/wp-json\/wp\/v2\/types\/page"}],"author":[{"embeddable":true,"href":"https:\/\/www.leena-maria.net\/en\/wp-json\/wp\/v2\/users\/2"}],"replies":[{"embeddable":true,"href":"https:\/\/www.leena-maria.net\/en\/wp-json\/wp\/v2\/comments?post=258"}],"version-history":[{"count":11,"href":"https:\/\/www.leena-maria.net\/en\/wp-json\/wp\/v2\/pages\/258\/revisions"}],"predecessor-version":[{"id":439,"href":"https:\/\/www.leena-maria.net\/en\/wp-json\/wp\/v2\/pages\/258\/revisions\/439"}],"wp:attachment":[{"href":"https:\/\/www.leena-maria.net\/en\/wp-json\/wp\/v2\/media?parent=258"}],"curies":[{"name":"wp","href":"https:\/\/api.w.org\/{rel}","templated":true}]}}