{"id":226,"date":"2023-04-05T17:54:10","date_gmt":"2023-04-05T17:54:10","guid":{"rendered":"https:\/\/www.leena-maria.net\/?page_id=226"},"modified":"2023-06-01T19:30:10","modified_gmt":"2023-06-01T19:30:10","slug":"leena-maria","status":"publish","type":"page","link":"https:\/\/www.leena-maria.net\/en\/leena-maria\/","title":{"rendered":"Kuka on Leena-Maria"},"content":{"rendered":"<div data-elementor-type=\"wp-page\" data-elementor-id=\"226\" class=\"elementor elementor-226\">\n\t\t\t\t\t\t\t\t\t<section class=\"elementor-section elementor-top-section elementor-element elementor-element-224b02a elementor-section-boxed elementor-section-height-default elementor-section-height-default\" data-id=\"224b02a\" data-element_type=\"section\">\n\t\t\t\t\t\t<div class=\"elementor-container elementor-column-gap-default\">\n\t\t\t\t\t<div class=\"elementor-column elementor-col-50 elementor-top-column elementor-element elementor-element-3076090\" data-id=\"3076090\" data-element_type=\"column\">\n\t\t\t<div class=\"elementor-widget-wrap elementor-element-populated\">\n\t\t\t\t\t\t\t\t<div class=\"elementor-element elementor-element-252d198 elementor-widget elementor-widget-heading\" data-id=\"252d198\" data-element_type=\"widget\" data-widget_type=\"heading.default\">\n\t\t\t\t<div class=\"elementor-widget-container\">\n\t\t\t<style>\/*! elementor - v3.13.3 - 28-05-2023 *\/\n.elementor-heading-title{padding:0;margin:0;line-height:1}.elementor-widget-heading .elementor-heading-title[class*=elementor-size-]>a{color:inherit;font-size:inherit;line-height:inherit}.elementor-widget-heading .elementor-heading-title.elementor-size-small{font-size:15px}.elementor-widget-heading .elementor-heading-title.elementor-size-medium{font-size:19px}.elementor-widget-heading .elementor-heading-title.elementor-size-large{font-size:29px}.elementor-widget-heading .elementor-heading-title.elementor-size-xl{font-size:39px}.elementor-widget-heading .elementor-heading-title.elementor-size-xxl{font-size:59px}<\/style><h3 class=\"elementor-heading-title elementor-size-default\">Who is Leena-Maria?<\/h3>\t\t<\/div>\n\t\t\t\t<\/div>\n\t\t\t\t<div class=\"elementor-element elementor-element-2f97370 elementor-widget elementor-widget-text-editor\" data-id=\"2f97370\" data-element_type=\"widget\" data-widget_type=\"text-editor.default\">\n\t\t\t\t<div class=\"elementor-widget-container\">\n\t\t\t<style>\/*! elementor - v3.13.3 - 28-05-2023 *\/\n.elementor-widget-text-editor.elementor-drop-cap-view-stacked .elementor-drop-cap{background-color:#69727d;color:#fff}.elementor-widget-text-editor.elementor-drop-cap-view-framed .elementor-drop-cap{color:#69727d;border:3px solid;background-color:transparent}.elementor-widget-text-editor:not(.elementor-drop-cap-view-default) .elementor-drop-cap{margin-top:8px}.elementor-widget-text-editor:not(.elementor-drop-cap-view-default) .elementor-drop-cap-letter{width:1em;height:1em}.elementor-widget-text-editor .elementor-drop-cap{float:left;text-align:center;line-height:1;font-size:50px}.elementor-widget-text-editor .elementor-drop-cap-letter{display:inline-block}<\/style>\t\t\t\t<p>Already as a child I was deeply feeling, intuitive, I saw lights, I knew future events; I talked with spirit beings, I felt the feelings of others and I saw how adults lied to themselves, I saw them as always behind a false face, behind a shell.. I was interested in the big questions of life, such as 'Why are we born, where do we come from, who are we, what does death mean, what are the wills; What\/who\/how is God.. My biggest wonder was the evil , hidden in people. such questions were not accetable for the little girl, which I noticed very soon. My sensitivity is ignored, rather the opposite, so I learned to \"harden\" myself (at least somewhere).<\/p><p>I put a protective shell around me, what we do when we grow from children to adults. I considered my sensitivity as a curse for a long time, I actually hated it, but only now in my later years I realized that it is my greatest blessing, wonderfull gift! With it, I found my life's work and all the pieces fell into place. Thanks to my sensitivity, I can help people, cultivate love for myself, others and everything.<\/p>\t\t\t\t\t\t<\/div>\n\t\t\t\t<\/div>\n\t\t\t\t\t<\/div>\n\t\t<\/div>\n\t\t\t\t<div class=\"elementor-column elementor-col-50 elementor-top-column elementor-element elementor-element-8ec619d\" data-id=\"8ec619d\" data-element_type=\"column\">\n\t\t\t<div class=\"elementor-widget-wrap elementor-element-populated\">\n\t\t\t\t\t\t\t\t<div class=\"elementor-element elementor-element-b845483 elementor-widget elementor-widget-image\" data-id=\"b845483\" data-element_type=\"widget\" data-widget_type=\"image.default\">\n\t\t\t\t<div class=\"elementor-widget-container\">\n\t\t\t<style>\/*! elementor - v3.13.3 - 28-05-2023 *\/\n.elementor-widget-image{text-align:center}.elementor-widget-image a{display:inline-block}.elementor-widget-image a img[src$=\".svg\"]{width:48px}.elementor-widget-image img{vertical-align:middle;display:inline-block}<\/style>\t\t\t\t\t\t\t\t\t\t\t\t<img decoding=\"async\" width=\"800\" height=\"600\" src=\"https:\/\/www.leena-maria.net\/wp-content\/uploads\/2023\/02\/4a49c591-e355-4aca-88d8-795dcd31b79e-1024x768.jpg\" class=\"attachment-large size-large wp-image-73\" alt=\"\" loading=\"lazy\" srcset=\"https:\/\/www.leena-maria.net\/wp-content\/uploads\/2023\/02\/4a49c591-e355-4aca-88d8-795dcd31b79e-1024x768.jpg 1024w, https:\/\/www.leena-maria.net\/wp-content\/uploads\/2023\/02\/4a49c591-e355-4aca-88d8-795dcd31b79e-300x225.jpg 300w, https:\/\/www.leena-maria.net\/wp-content\/uploads\/2023\/02\/4a49c591-e355-4aca-88d8-795dcd31b79e-768x576.jpg 768w, https:\/\/www.leena-maria.net\/wp-content\/uploads\/2023\/02\/4a49c591-e355-4aca-88d8-795dcd31b79e-1536x1152.jpg 1536w, https:\/\/www.leena-maria.net\/wp-content\/uploads\/2023\/02\/4a49c591-e355-4aca-88d8-795dcd31b79e.jpg 2048w\" sizes=\"(max-width: 800px) 100vw, 800px\" \/>\t\t\t\t\t\t\t\t\t\t\t\t\t\t\t<\/div>\n\t\t\t\t<\/div>\n\t\t\t\t\t<\/div>\n\t\t<\/div>\n\t\t\t\t\t\t\t<\/div>\n\t\t<\/section>\n\t\t\t\t<section class=\"elementor-section elementor-top-section elementor-element elementor-element-80bf00d elementor-section-boxed elementor-section-height-default elementor-section-height-default\" data-id=\"80bf00d\" data-element_type=\"section\">\n\t\t\t\t\t\t<div class=\"elementor-container elementor-column-gap-default\">\n\t\t\t\t\t<div class=\"elementor-column elementor-col-50 elementor-top-column elementor-element elementor-element-66e24ea\" data-id=\"66e24ea\" data-element_type=\"column\">\n\t\t\t<div class=\"elementor-widget-wrap elementor-element-populated\">\n\t\t\t\t\t\t\t\t<div class=\"elementor-element elementor-element-4d5859f elementor-widget elementor-widget-image\" data-id=\"4d5859f\" data-element_type=\"widget\" data-widget_type=\"image.default\">\n\t\t\t\t<div class=\"elementor-widget-container\">\n\t\t\t\t\t\t\t\t\t\t\t\t\t\t\t<img decoding=\"async\" width=\"703\" height=\"1024\" src=\"https:\/\/www.leena-maria.net\/wp-content\/uploads\/2023\/02\/400adfe9-2710-461e-a1dd-b17ed11f4177-703x1024.jpg\" class=\"attachment-large size-large wp-image-77\" alt=\"\" loading=\"lazy\" srcset=\"https:\/\/www.leena-maria.net\/wp-content\/uploads\/2023\/02\/400adfe9-2710-461e-a1dd-b17ed11f4177-703x1024.jpg 703w, https:\/\/www.leena-maria.net\/wp-content\/uploads\/2023\/02\/400adfe9-2710-461e-a1dd-b17ed11f4177-206x300.jpg 206w, https:\/\/www.leena-maria.net\/wp-content\/uploads\/2023\/02\/400adfe9-2710-461e-a1dd-b17ed11f4177-768x1118.jpg 768w, https:\/\/www.leena-maria.net\/wp-content\/uploads\/2023\/02\/400adfe9-2710-461e-a1dd-b17ed11f4177-1055x1536.jpg 1055w, https:\/\/www.leena-maria.net\/wp-content\/uploads\/2023\/02\/400adfe9-2710-461e-a1dd-b17ed11f4177.jpg 1099w\" sizes=\"(max-width: 703px) 100vw, 703px\" \/>\t\t\t\t\t\t\t\t\t\t\t\t\t\t\t<\/div>\n\t\t\t\t<\/div>\n\t\t\t\t\t<\/div>\n\t\t<\/div>\n\t\t\t\t<div class=\"elementor-column elementor-col-50 elementor-top-column elementor-element elementor-element-3be406f\" data-id=\"3be406f\" data-element_type=\"column\">\n\t\t\t<div class=\"elementor-widget-wrap elementor-element-populated\">\n\t\t\t\t\t\t\t\t<div class=\"elementor-element elementor-element-f909948 elementor-widget elementor-widget-heading\" data-id=\"f909948\" data-element_type=\"widget\" data-widget_type=\"heading.default\">\n\t\t\t\t<div class=\"elementor-widget-container\">\n\t\t\t<h3 class=\"elementor-heading-title elementor-size-default\">We all need approval and love for ourselves!<\/h3>\t\t<\/div>\n\t\t\t\t<\/div>\n\t\t\t\t<div class=\"elementor-element elementor-element-d2cf4fa elementor-widget elementor-widget-text-editor\" data-id=\"d2cf4fa\" data-element_type=\"widget\" data-widget_type=\"text-editor.default\">\n\t\t\t\t<div class=\"elementor-widget-container\">\n\t\t\t\t\t\t\t<p>I have experienced really deep traumas during my life-long school path. I have been swimming in very deep waters since I was little. Sexual abuse has also been brought to my path(more than once or twice). I have been in such a deep depression that I tried to end up my journey here few times.  So I went to see a psychotherapist. Even my own therapist couldn't believe how much bad things could happen to one person. I appreciate therapists a lot, but for me it didn't answer my deepest questions, it did not help me enough. We had a conversation on a mental level, which in the end caused more pain, because we did not clean the energy from the body, from cell level.. (our physical bodies remembers everything!) I felt that I was all alone, no one on this planet could not understand how I felt. I was not been seen or heard. I tried to continue \"normal life\" go to \"\"normal\" work, but I got sick again and again. Literally so sick, that in the end I end up in a hospital. Only later I did  understand why, Universe showed me, that it was not my life path and force me to quit of trying to be like \"all the others\"! Because of my experiences,  I can help you and that you don't have to go through it alone like I have gone through it. I've really learned the hard way. Now  I have a deep knowledge and understanding.\n<\/p><p>\nI was 22-year-oldwhen I got my daughter, who changed the direction of my life 100 percent. I started to heal myself, I opened the doors to the spirit world again, dismantling of my ego and protective walls began collapse. The real breakthrough happened at the age of 30, when I step away from everything and accepted my life mission as a spiritual healer. I'm cheerful and bubbly, and often with the help of humour and laughter we can get rid of the old without even noticing! Lets laugh and enjoy, life is not that serious!\n<\/p><p>\nThese kind of lessons and deep knowledge that I have , you don't learn from books!\nI don't predict the future, it's good to remember, because we live here and now and the only thing we have is that moment!\n<\/p><p>\nThanks for reading a little piece about me. \u2665<\/p>\t\t\t\t\t\t<\/div>\n\t\t\t\t<\/div>\n\t\t\t\t\t<\/div>\n\t\t<\/div>\n\t\t\t\t\t\t\t<\/div>\n\t\t<\/section>\n\t\t\t\t\t\t\t<\/div>","protected":false},"excerpt":{"rendered":"<p>Kuka on Leena-Maria? Olin jo lapsena syv\u00e4sti tunteva, intuitiivinen, n\u00e4in valoja, tiesin tulevia tapahtumia; juttelin henkiel\u00e4inten kanssa, tunsin muiden tunteet ja n\u00e4in, kuinka aikuiset valehtelivat itselleen, n\u00e4in heid\u00e4t ik\u00e4\u00e4n kuin valheellisten kasvojen, kuoren takana\u2026 Olin kiinnostunut el\u00e4m\u00e4n isoista kysymyksist\u00e4, kuten \u201dMiksi synnymme, mist\u00e4 tulemme, keit\u00e4 olemme, mit\u00e4 kuolema tarkoittaa, mit\u00e4 t\u00e4hdet ovat, miss\u00e4\/kuka\/miten Jumala on\u2026\u201d [&hellip;]<\/p>","protected":false},"author":2,"featured_media":0,"parent":0,"menu_order":0,"comment_status":"closed","ping_status":"closed","template":"elementor_header_footer","meta":[],"yoast_head":"<!-- This site is optimized with the Yoast SEO plugin v20.12 - https:\/\/yoast.com\/wordpress\/plugins\/seo\/ -->\n<title>Kuka on Leena-Maria?<\/title>\n<meta name=\"description\" content=\"Ne opit, mit\u00e4 minulla on el\u00e4m\u00e4st\u00e4, ei opita kirjoista. En ennusta tulevaa, se on hyv\u00e4 muistaa. Ainut mit\u00e4 meill\u00e4 on, on t\u00e4m\u00e4 hetki!\" \/>\n<meta name=\"robots\" content=\"index, follow, max-snippet:-1, max-image-preview:large, max-video-preview:-1\" \/>\n<link rel=\"canonical\" href=\"https:\/\/www.leena-maria.net\/en\/leena-maria\/\" \/>\n<meta property=\"og:locale\" content=\"en_US\" \/>\n<meta property=\"og:type\" content=\"article\" \/>\n<meta property=\"og:title\" content=\"Kuka on Leena-Maria?\" \/>\n<meta property=\"og:description\" content=\"Ne opit, mit\u00e4 minulla on el\u00e4m\u00e4st\u00e4, ei opita kirjoista. En ennusta tulevaa, se on hyv\u00e4 muistaa. Ainut mit\u00e4 meill\u00e4 on, on t\u00e4m\u00e4 hetki!\" \/>\n<meta property=\"og:url\" content=\"https:\/\/www.leena-maria.net\/en\/leena-maria\/\" \/>\n<meta property=\"og:site_name\" content=\"Leena-Maria\" \/>\n<meta property=\"article:modified_time\" content=\"2023-06-01T19:30:10+00:00\" \/>\n<meta property=\"og:image\" content=\"http:\/\/www.leena-maria.net\/wp-content\/uploads\/2023\/02\/4a49c591-e355-4aca-88d8-795dcd31b79e-1024x768.jpg\" \/>\n<meta name=\"twitter:card\" content=\"summary_large_image\" \/>\n<meta name=\"twitter:label1\" content=\"Est. reading time\" \/>\n\t<meta name=\"twitter:data1\" content=\"3 minutes\" \/>\n<script type=\"application\/ld+json\" class=\"yoast-schema-graph\">{\"@context\":\"https:\/\/schema.org\",\"@graph\":[{\"@type\":\"WebPage\",\"@id\":\"https:\/\/www.leena-maria.net\/en\/leena-maria\/\",\"url\":\"https:\/\/www.leena-maria.net\/en\/leena-maria\/\",\"name\":\"Kuka on Leena-Maria?\",\"isPartOf\":{\"@id\":\"https:\/\/www.leena-maria.net\/#website\"},\"datePublished\":\"2023-04-05T17:54:10+00:00\",\"dateModified\":\"2023-06-01T19:30:10+00:00\",\"description\":\"Ne opit, mit\u00e4 minulla on el\u00e4m\u00e4st\u00e4, ei opita kirjoista. En ennusta tulevaa, se on hyv\u00e4 muistaa. Ainut mit\u00e4 meill\u00e4 on, on t\u00e4m\u00e4 hetki!\",\"breadcrumb\":{\"@id\":\"https:\/\/www.leena-maria.net\/en\/leena-maria\/#breadcrumb\"},\"inLanguage\":\"en-US\",\"potentialAction\":[{\"@type\":\"ReadAction\",\"target\":[\"https:\/\/www.leena-maria.net\/en\/leena-maria\/\"]}]},{\"@type\":\"BreadcrumbList\",\"@id\":\"https:\/\/www.leena-maria.net\/en\/leena-maria\/#breadcrumb\",\"itemListElement\":[{\"@type\":\"ListItem\",\"position\":1,\"name\":\"Etusivu\",\"item\":\"http:\/\/www.leena-maria.net\/\"},{\"@type\":\"ListItem\",\"position\":2,\"name\":\"Kuka on Leena-Maria\"}]},{\"@type\":\"WebSite\",\"@id\":\"https:\/\/www.leena-maria.net\/#website\",\"url\":\"https:\/\/www.leena-maria.net\/\",\"name\":\"Leena-Maria\",\"description\":\"Tervetuloa kotisivuilleni\",\"potentialAction\":[{\"@type\":\"SearchAction\",\"target\":{\"@type\":\"EntryPoint\",\"urlTemplate\":\"https:\/\/www.leena-maria.net\/?s={search_term_string}\"},\"query-input\":\"required name=search_term_string\"}],\"inLanguage\":\"en-US\"}]}<\/script>\n<!-- \/ Yoast SEO plugin. -->","yoast_head_json":{"title":"Kuka on Leena-Maria?","description":"Ne opit, mit\u00e4 minulla on el\u00e4m\u00e4st\u00e4, ei opita kirjoista. En ennusta tulevaa, se on hyv\u00e4 muistaa. Ainut mit\u00e4 meill\u00e4 on, on t\u00e4m\u00e4 hetki!","robots":{"index":"index","follow":"follow","max-snippet":"max-snippet:-1","max-image-preview":"max-image-preview:large","max-video-preview":"max-video-preview:-1"},"canonical":"https:\/\/www.leena-maria.net\/en\/leena-maria\/","og_locale":"en_US","og_type":"article","og_title":"Kuka on Leena-Maria?","og_description":"Ne opit, mit\u00e4 minulla on el\u00e4m\u00e4st\u00e4, ei opita kirjoista. En ennusta tulevaa, se on hyv\u00e4 muistaa. Ainut mit\u00e4 meill\u00e4 on, on t\u00e4m\u00e4 hetki!","og_url":"https:\/\/www.leena-maria.net\/en\/leena-maria\/","og_site_name":"Leena-Maria","article_modified_time":"2023-06-01T19:30:10+00:00","og_image":[{"url":"http:\/\/www.leena-maria.net\/wp-content\/uploads\/2023\/02\/4a49c591-e355-4aca-88d8-795dcd31b79e-1024x768.jpg"}],"twitter_card":"summary_large_image","twitter_misc":{"Est. reading time":"3 minutes"},"schema":{"@context":"https:\/\/schema.org","@graph":[{"@type":"WebPage","@id":"https:\/\/www.leena-maria.net\/en\/leena-maria\/","url":"https:\/\/www.leena-maria.net\/en\/leena-maria\/","name":"Kuka on Leena-Maria?","isPartOf":{"@id":"https:\/\/www.leena-maria.net\/#website"},"datePublished":"2023-04-05T17:54:10+00:00","dateModified":"2023-06-01T19:30:10+00:00","description":"Ne opit, mit\u00e4 minulla on el\u00e4m\u00e4st\u00e4, ei opita kirjoista. En ennusta tulevaa, se on hyv\u00e4 muistaa. Ainut mit\u00e4 meill\u00e4 on, on t\u00e4m\u00e4 hetki!","breadcrumb":{"@id":"https:\/\/www.leena-maria.net\/en\/leena-maria\/#breadcrumb"},"inLanguage":"en-US","potentialAction":[{"@type":"ReadAction","target":["https:\/\/www.leena-maria.net\/en\/leena-maria\/"]}]},{"@type":"BreadcrumbList","@id":"https:\/\/www.leena-maria.net\/en\/leena-maria\/#breadcrumb","itemListElement":[{"@type":"ListItem","position":1,"name":"Etusivu","item":"http:\/\/www.leena-maria.net\/"},{"@type":"ListItem","position":2,"name":"Kuka on Leena-Maria"}]},{"@type":"WebSite","@id":"https:\/\/www.leena-maria.net\/#website","url":"https:\/\/www.leena-maria.net\/","name":"Leena-Maria","description":"Tervetuloa kotisivuilleni","potentialAction":[{"@type":"SearchAction","target":{"@type":"EntryPoint","urlTemplate":"https:\/\/www.leena-maria.net\/?s={search_term_string}"},"query-input":"required name=search_term_string"}],"inLanguage":"en-US"}]}},"_links":{"self":[{"href":"https:\/\/www.leena-maria.net\/en\/wp-json\/wp\/v2\/pages\/226"}],"collection":[{"href":"https:\/\/www.leena-maria.net\/en\/wp-json\/wp\/v2\/pages"}],"about":[{"href":"https:\/\/www.leena-maria.net\/en\/wp-json\/wp\/v2\/types\/page"}],"author":[{"embeddable":true,"href":"https:\/\/www.leena-maria.net\/en\/wp-json\/wp\/v2\/users\/2"}],"replies":[{"embeddable":true,"href":"https:\/\/www.leena-maria.net\/en\/wp-json\/wp\/v2\/comments?post=226"}],"version-history":[{"count":21,"href":"https:\/\/www.leena-maria.net\/en\/wp-json\/wp\/v2\/pages\/226\/revisions"}],"predecessor-version":[{"id":442,"href":"https:\/\/www.leena-maria.net\/en\/wp-json\/wp\/v2\/pages\/226\/revisions\/442"}],"wp:attachment":[{"href":"https:\/\/www.leena-maria.net\/en\/wp-json\/wp\/v2\/media?parent=226"}],"curies":[{"name":"wp","href":"https:\/\/api.w.org\/{rel}","templated":true}]}}