{"id":12,"date":"2023-02-27T09:13:07","date_gmt":"2023-02-27T09:13:07","guid":{"rendered":"https:\/\/www.leena-maria.net\/?page_id=12"},"modified":"2023-06-01T17:44:45","modified_gmt":"2023-06-01T17:44:45","slug":"etusivu","status":"publish","type":"page","link":"https:\/\/www.leena-maria.net\/en\/","title":{"rendered":"Home"},"content":{"rendered":"<div data-elementor-type=\"wp-page\" data-elementor-id=\"12\" class=\"elementor elementor-12\">\n\t\t\t\t\t\t\t\t\t<section class=\"elementor-section elementor-top-section elementor-element elementor-element-b818fa7 elementor-section-boxed elementor-section-height-default elementor-section-height-default\" data-id=\"b818fa7\" data-element_type=\"section\" data-settings=\"{&quot;background_background&quot;:&quot;classic&quot;}\">\n\t\t\t\t\t\t<div class=\"elementor-container elementor-column-gap-default\">\n\t\t\t\t\t<div class=\"elementor-column elementor-col-50 elementor-top-column elementor-element elementor-element-a4d3404\" data-id=\"a4d3404\" data-element_type=\"column\">\n\t\t\t<div class=\"elementor-widget-wrap elementor-element-populated\">\n\t\t\t\t\t\t\t\t<div class=\"elementor-element elementor-element-5128b08 elementor-invisible elementor-widget elementor-widget-image\" data-id=\"5128b08\" data-element_type=\"widget\" data-settings=\"{&quot;_animation&quot;:&quot;fadeIn&quot;}\" data-widget_type=\"image.default\">\n\t\t\t\t<div class=\"elementor-widget-container\">\n\t\t\t<style>\/*! elementor - v3.13.3 - 28-05-2023 *\/\n.elementor-widget-image{text-align:center}.elementor-widget-image a{display:inline-block}.elementor-widget-image a img[src$=\".svg\"]{width:48px}.elementor-widget-image img{vertical-align:middle;display:inline-block}<\/style>\t\t\t\t\t\t\t\t\t\t\t\t<img decoding=\"async\" width=\"768\" height=\"1024\" src=\"https:\/\/www.leena-maria.net\/wp-content\/uploads\/2023\/02\/9cc57254-6ced-42a2-b7ac-2c1f47631b45-768x1024.jpg\" class=\"attachment-large size-large wp-image-75\" alt=\"\" loading=\"lazy\" srcset=\"https:\/\/www.leena-maria.net\/wp-content\/uploads\/2023\/02\/9cc57254-6ced-42a2-b7ac-2c1f47631b45-768x1024.jpg 768w, https:\/\/www.leena-maria.net\/wp-content\/uploads\/2023\/02\/9cc57254-6ced-42a2-b7ac-2c1f47631b45-225x300.jpg 225w, https:\/\/www.leena-maria.net\/wp-content\/uploads\/2023\/02\/9cc57254-6ced-42a2-b7ac-2c1f47631b45-1152x1536.jpg 1152w, https:\/\/www.leena-maria.net\/wp-content\/uploads\/2023\/02\/9cc57254-6ced-42a2-b7ac-2c1f47631b45.jpg 1200w\" sizes=\"(max-width: 768px) 100vw, 768px\" \/>\t\t\t\t\t\t\t\t\t\t\t\t\t\t\t<\/div>\n\t\t\t\t<\/div>\n\t\t\t\t\t<\/div>\n\t\t<\/div>\n\t\t\t\t<div class=\"elementor-column elementor-col-50 elementor-top-column elementor-element elementor-element-00dc746\" data-id=\"00dc746\" data-element_type=\"column\">\n\t\t\t<div class=\"elementor-widget-wrap elementor-element-populated\">\n\t\t\t\t\t\t\t\t<div class=\"elementor-element elementor-element-4c1afc1 elementor-widget elementor-widget-heading\" data-id=\"4c1afc1\" data-element_type=\"widget\" data-widget_type=\"heading.default\">\n\t\t\t\t<div class=\"elementor-widget-container\">\n\t\t\t<style>\/*! elementor - v3.13.3 - 28-05-2023 *\/\n.elementor-heading-title{padding:0;margin:0;line-height:1}.elementor-widget-heading .elementor-heading-title[class*=elementor-size-]>a{color:inherit;font-size:inherit;line-height:inherit}.elementor-widget-heading .elementor-heading-title.elementor-size-small{font-size:15px}.elementor-widget-heading .elementor-heading-title.elementor-size-medium{font-size:19px}.elementor-widget-heading .elementor-heading-title.elementor-size-large{font-size:29px}.elementor-widget-heading .elementor-heading-title.elementor-size-xl{font-size:39px}.elementor-widget-heading .elementor-heading-title.elementor-size-xxl{font-size:59px}<\/style><h1 class=\"elementor-heading-title elementor-size-default\">Healer<\/h1>\t\t<\/div>\n\t\t\t\t<\/div>\n\t\t\t\t<div class=\"elementor-element elementor-element-56ff090 elementor-widget elementor-widget-heading\" data-id=\"56ff090\" data-element_type=\"widget\" data-widget_type=\"heading.default\">\n\t\t\t\t<div class=\"elementor-widget-container\">\n\t\t\t<h2 class=\"elementor-heading-title elementor-size-default\">Leena-Maria<\/h2>\t\t<\/div>\n\t\t\t\t<\/div>\n\t\t\t\t<div class=\"elementor-element elementor-element-d2b5989 elementor-widget elementor-widget-text-editor\" data-id=\"d2b5989\" data-element_type=\"widget\" data-widget_type=\"text-editor.default\">\n\t\t\t\t<div class=\"elementor-widget-container\">\n\t\t\t<style>\/*! elementor - v3.13.3 - 28-05-2023 *\/\n.elementor-widget-text-editor.elementor-drop-cap-view-stacked .elementor-drop-cap{background-color:#69727d;color:#fff}.elementor-widget-text-editor.elementor-drop-cap-view-framed .elementor-drop-cap{color:#69727d;border:3px solid;background-color:transparent}.elementor-widget-text-editor:not(.elementor-drop-cap-view-default) .elementor-drop-cap{margin-top:8px}.elementor-widget-text-editor:not(.elementor-drop-cap-view-default) .elementor-drop-cap-letter{width:1em;height:1em}.elementor-widget-text-editor .elementor-drop-cap{float:left;text-align:center;line-height:1;font-size:50px}.elementor-widget-text-editor .elementor-drop-cap-letter{display:inline-block}<\/style>\t\t\t\t<p>Congratulations! You are one step closer to finding your true self! Thank you for that \u2665 I'm looking forward to our meeting!\n<\/p><p>\n<i>\u2013 Leena-Maria<\/i><\/p>\t\t\t\t\t\t<\/div>\n\t\t\t\t<\/div>\n\t\t\t\t\t<\/div>\n\t\t<\/div>\n\t\t\t\t\t\t\t<\/div>\n\t\t<\/section>\n\t\t\t\t<section class=\"elementor-section elementor-top-section elementor-element elementor-element-224b02a elementor-section-boxed elementor-section-height-default elementor-section-height-default\" data-id=\"224b02a\" data-element_type=\"section\">\n\t\t\t\t\t\t<div class=\"elementor-container elementor-column-gap-default\">\n\t\t\t\t\t<div class=\"elementor-column elementor-col-50 elementor-top-column elementor-element elementor-element-3076090\" data-id=\"3076090\" data-element_type=\"column\">\n\t\t\t<div class=\"elementor-widget-wrap elementor-element-populated\">\n\t\t\t\t\t\t\t\t<div class=\"elementor-element elementor-element-252d198 elementor-widget elementor-widget-heading\" data-id=\"252d198\" data-element_type=\"widget\" data-widget_type=\"heading.default\">\n\t\t\t\t<div class=\"elementor-widget-container\">\n\t\t\t<h3 class=\"elementor-heading-title elementor-size-default\">My goals<\/h3>\t\t<\/div>\n\t\t\t\t<\/div>\n\t\t\t\t<div class=\"elementor-element elementor-element-2f97370 elementor-widget elementor-widget-text-editor\" data-id=\"2f97370\" data-element_type=\"widget\" data-widget_type=\"text-editor.default\">\n\t\t\t\t<div class=\"elementor-widget-container\">\n\t\t\t\t\t\t\t<p>Getting you in touch with your own soul, in contact with your higherself, listening to yourself, understanding yourself, finding your own strength and will. Forgiveness, especially forgiving yourself! Help to clean up traumas, old blocking obstacles, harmful patterns of action, letting go of the old! Feel free and joyful again.\n<\/p><p>\nWhat really makes you happy? What makes you laugh, what are the things that makes you feel alive? Do you feel appreciation, love? Do you love yourself?\n<\/p><p>\nWe all want to be heard, accepted, loved as we are. Our authentic selves. I  hear you, I see you,  you are not alone, not even on the darkest moments. There is always love in front of you!\n<\/p><p>\nI will help you to step into your own power, after which you will no longer need help from the outside.\n<\/p><p>\nWe have the ability to heal each other, including ourselves. We all have the same keys to happiness; Let's harness them for your use too. My goal is to help you get started so you can heal yourself! Let's make you whole. Step into light!<\/p>\t\t\t\t\t\t<\/div>\n\t\t\t\t<\/div>\n\t\t\t\t\t<\/div>\n\t\t<\/div>\n\t\t\t\t<div class=\"elementor-column elementor-col-50 elementor-top-column elementor-element elementor-element-8ec619d\" data-id=\"8ec619d\" data-element_type=\"column\">\n\t\t\t<div class=\"elementor-widget-wrap elementor-element-populated\">\n\t\t\t\t\t\t\t\t<div class=\"elementor-element elementor-element-b845483 elementor-widget elementor-widget-image\" data-id=\"b845483\" data-element_type=\"widget\" data-widget_type=\"image.default\">\n\t\t\t\t<div class=\"elementor-widget-container\">\n\t\t\t\t\t\t\t\t\t\t\t\t\t\t\t<img decoding=\"async\" width=\"768\" height=\"1024\" src=\"https:\/\/www.leena-maria.net\/wp-content\/uploads\/2023\/02\/e75dc25b-fa28-4470-bfbd-e1c02a06b3e4-768x1024.jpg\" class=\"attachment-large size-large wp-image-78\" alt=\"\" loading=\"lazy\" srcset=\"https:\/\/www.leena-maria.net\/wp-content\/uploads\/2023\/02\/e75dc25b-fa28-4470-bfbd-e1c02a06b3e4-768x1024.jpg 768w, https:\/\/www.leena-maria.net\/wp-content\/uploads\/2023\/02\/e75dc25b-fa28-4470-bfbd-e1c02a06b3e4-225x300.jpg 225w, https:\/\/www.leena-maria.net\/wp-content\/uploads\/2023\/02\/e75dc25b-fa28-4470-bfbd-e1c02a06b3e4-1152x1536.jpg 1152w, https:\/\/www.leena-maria.net\/wp-content\/uploads\/2023\/02\/e75dc25b-fa28-4470-bfbd-e1c02a06b3e4.jpg 1536w\" sizes=\"(max-width: 768px) 100vw, 768px\" \/>\t\t\t\t\t\t\t\t\t\t\t\t\t\t\t<\/div>\n\t\t\t\t<\/div>\n\t\t\t\t\t<\/div>\n\t\t<\/div>\n\t\t\t\t\t\t\t<\/div>\n\t\t<\/section>\n\t\t\t\t\t\t\t<\/div>","protected":false},"excerpt":{"rendered":"<p>N\u00e4kij\u00e4 ja parantaja Leena-Maria Tervetuloa N\u00e4kij\u00e4n sivuille! Ja tervetuloa matkalle, kohti itse\u00e4si! Johdatuksesi alkoi jo esimerkiksi askeleistasi luokseni\u2026 Kiitos siit\u00e4&nbsp;\u2665 Innolla odotan tapaamistamme! &#8211; Leena-Maria Tavoitteeni Saada sinut yhteyteen oman sielusi kanssa, kosketuksiin sinun todellisen itsesi kanssa, itsesi kuunteleminen, ymm\u00e4rt\u00e4minen, oman voimasi ja tahtosi l\u00f6yt\u00e4minen. Anteeksiantaminen! Auttaa puhdistamaan traumat, vanhat jarruttavat esteet, haitalliset toimintamallit, p\u00e4\u00e4st\u00e4m\u00e4\u00e4n [&hellip;]<\/p>","protected":false},"author":2,"featured_media":0,"parent":0,"menu_order":0,"comment_status":"closed","ping_status":"closed","template":"elementor_header_footer","meta":[],"yoast_head":"<!-- This site is optimized with the Yoast SEO plugin v20.12 - https:\/\/yoast.com\/wordpress\/plugins\/seo\/ -->\n<title>N\u00e4kij\u00e4 ja Parantaja - Leena-Maria<\/title>\n<meta name=\"description\" content=\"Meill\u00e4 on kyky parantaa toisiamme, my\u00f6s itsemme. Meill\u00e4 kaikilla on samat avaimet onneen \u2013 Valjastetaan ne sinunkin k\u00e4ytt\u00f6\u00f6si.\" \/>\n<meta name=\"robots\" content=\"index, follow, max-snippet:-1, max-image-preview:large, max-video-preview:-1\" \/>\n<link rel=\"canonical\" href=\"https:\/\/www.leena-maria.net\/en\/\" \/>\n<meta property=\"og:locale\" content=\"en_US\" \/>\n<meta property=\"og:type\" content=\"article\" \/>\n<meta property=\"og:title\" content=\"N\u00e4kij\u00e4 ja Parantaja - Leena-Maria\" \/>\n<meta property=\"og:description\" content=\"Meill\u00e4 on kyky parantaa toisiamme, my\u00f6s itsemme. Meill\u00e4 kaikilla on samat avaimet onneen \u2013 Valjastetaan ne sinunkin k\u00e4ytt\u00f6\u00f6si.\" \/>\n<meta property=\"og:url\" content=\"https:\/\/www.leena-maria.net\/en\/\" \/>\n<meta property=\"og:site_name\" content=\"Leena-Maria\" \/>\n<meta property=\"article:modified_time\" content=\"2023-06-01T17:44:45+00:00\" \/>\n<meta property=\"og:image\" content=\"http:\/\/www.leena-maria.net\/wp-content\/uploads\/2023\/02\/9cc57254-6ced-42a2-b7ac-2c1f47631b45-768x1024.jpg\" \/>\n<meta name=\"twitter:card\" content=\"summary_large_image\" \/>\n<meta name=\"twitter:label1\" content=\"Est. reading time\" \/>\n\t<meta name=\"twitter:data1\" content=\"2 minutes\" \/>\n<script type=\"application\/ld+json\" class=\"yoast-schema-graph\">{\"@context\":\"https:\/\/schema.org\",\"@graph\":[{\"@type\":\"WebPage\",\"@id\":\"http:\/\/www.leena-maria.net\/\",\"url\":\"http:\/\/www.leena-maria.net\/\",\"name\":\"N\u00e4kij\u00e4 ja Parantaja - Leena-Maria\",\"isPartOf\":{\"@id\":\"https:\/\/www.leena-maria.net\/#website\"},\"datePublished\":\"2023-02-27T09:13:07+00:00\",\"dateModified\":\"2023-06-01T17:44:45+00:00\",\"description\":\"Meill\u00e4 on kyky parantaa toisiamme, my\u00f6s itsemme. Meill\u00e4 kaikilla on samat avaimet onneen \u2013 Valjastetaan ne sinunkin k\u00e4ytt\u00f6\u00f6si.\",\"breadcrumb\":{\"@id\":\"http:\/\/www.leena-maria.net\/#breadcrumb\"},\"inLanguage\":\"en-US\",\"potentialAction\":[{\"@type\":\"ReadAction\",\"target\":[\"http:\/\/www.leena-maria.net\/\"]}]},{\"@type\":\"BreadcrumbList\",\"@id\":\"http:\/\/www.leena-maria.net\/#breadcrumb\",\"itemListElement\":[{\"@type\":\"ListItem\",\"position\":1,\"name\":\"Etusivu\",\"item\":\"http:\/\/www.leena-maria.net\/\"},{\"@type\":\"ListItem\",\"position\":2,\"name\":\"Etusivu\"}]},{\"@type\":\"WebSite\",\"@id\":\"https:\/\/www.leena-maria.net\/#website\",\"url\":\"https:\/\/www.leena-maria.net\/\",\"name\":\"Leena-Maria\",\"description\":\"Tervetuloa kotisivuilleni\",\"potentialAction\":[{\"@type\":\"SearchAction\",\"target\":{\"@type\":\"EntryPoint\",\"urlTemplate\":\"https:\/\/www.leena-maria.net\/?s={search_term_string}\"},\"query-input\":\"required name=search_term_string\"}],\"inLanguage\":\"en-US\"}]}<\/script>\n<!-- \/ Yoast SEO plugin. -->","yoast_head_json":{"title":"N\u00e4kij\u00e4 ja Parantaja - Leena-Maria","description":"Meill\u00e4 on kyky parantaa toisiamme, my\u00f6s itsemme. Meill\u00e4 kaikilla on samat avaimet onneen \u2013 Valjastetaan ne sinunkin k\u00e4ytt\u00f6\u00f6si.","robots":{"index":"index","follow":"follow","max-snippet":"max-snippet:-1","max-image-preview":"max-image-preview:large","max-video-preview":"max-video-preview:-1"},"canonical":"https:\/\/www.leena-maria.net\/en\/","og_locale":"en_US","og_type":"article","og_title":"N\u00e4kij\u00e4 ja Parantaja - Leena-Maria","og_description":"Meill\u00e4 on kyky parantaa toisiamme, my\u00f6s itsemme. Meill\u00e4 kaikilla on samat avaimet onneen \u2013 Valjastetaan ne sinunkin k\u00e4ytt\u00f6\u00f6si.","og_url":"https:\/\/www.leena-maria.net\/en\/","og_site_name":"Leena-Maria","article_modified_time":"2023-06-01T17:44:45+00:00","og_image":[{"url":"http:\/\/www.leena-maria.net\/wp-content\/uploads\/2023\/02\/9cc57254-6ced-42a2-b7ac-2c1f47631b45-768x1024.jpg"}],"twitter_card":"summary_large_image","twitter_misc":{"Est. reading time":"2 minutes"},"schema":{"@context":"https:\/\/schema.org","@graph":[{"@type":"WebPage","@id":"http:\/\/www.leena-maria.net\/","url":"http:\/\/www.leena-maria.net\/","name":"N\u00e4kij\u00e4 ja Parantaja - Leena-Maria","isPartOf":{"@id":"https:\/\/www.leena-maria.net\/#website"},"datePublished":"2023-02-27T09:13:07+00:00","dateModified":"2023-06-01T17:44:45+00:00","description":"Meill\u00e4 on kyky parantaa toisiamme, my\u00f6s itsemme. Meill\u00e4 kaikilla on samat avaimet onneen \u2013 Valjastetaan ne sinunkin k\u00e4ytt\u00f6\u00f6si.","breadcrumb":{"@id":"http:\/\/www.leena-maria.net\/#breadcrumb"},"inLanguage":"en-US","potentialAction":[{"@type":"ReadAction","target":["http:\/\/www.leena-maria.net\/"]}]},{"@type":"BreadcrumbList","@id":"http:\/\/www.leena-maria.net\/#breadcrumb","itemListElement":[{"@type":"ListItem","position":1,"name":"Etusivu","item":"http:\/\/www.leena-maria.net\/"},{"@type":"ListItem","position":2,"name":"Etusivu"}]},{"@type":"WebSite","@id":"https:\/\/www.leena-maria.net\/#website","url":"https:\/\/www.leena-maria.net\/","name":"Leena-Maria","description":"Tervetuloa kotisivuilleni","potentialAction":[{"@type":"SearchAction","target":{"@type":"EntryPoint","urlTemplate":"https:\/\/www.leena-maria.net\/?s={search_term_string}"},"query-input":"required name=search_term_string"}],"inLanguage":"en-US"}]}},"_links":{"self":[{"href":"https:\/\/www.leena-maria.net\/en\/wp-json\/wp\/v2\/pages\/12"}],"collection":[{"href":"https:\/\/www.leena-maria.net\/en\/wp-json\/wp\/v2\/pages"}],"about":[{"href":"https:\/\/www.leena-maria.net\/en\/wp-json\/wp\/v2\/types\/page"}],"author":[{"embeddable":true,"href":"https:\/\/www.leena-maria.net\/en\/wp-json\/wp\/v2\/users\/2"}],"replies":[{"embeddable":true,"href":"https:\/\/www.leena-maria.net\/en\/wp-json\/wp\/v2\/comments?post=12"}],"version-history":[{"count":114,"href":"https:\/\/www.leena-maria.net\/en\/wp-json\/wp\/v2\/pages\/12\/revisions"}],"predecessor-version":[{"id":365,"href":"https:\/\/www.leena-maria.net\/en\/wp-json\/wp\/v2\/pages\/12\/revisions\/365"}],"wp:attachment":[{"href":"https:\/\/www.leena-maria.net\/en\/wp-json\/wp\/v2\/media?parent=12"}],"curies":[{"name":"wp","href":"https:\/\/api.w.org\/{rel}","templated":true}]}}